{"id":8827,"date":"2020-09-29T10:50:25","date_gmt":"2020-09-29T09:50:25","guid":{"rendered":"https:\/\/villa-lara.si\/splosni-pogoji\/"},"modified":"2020-10-09T21:03:42","modified_gmt":"2020-10-09T19:03:42","slug":"splosni-pogoji","status":"publish","type":"page","link":"https:\/\/villa-lara.si\/it\/splosni-pogoji\/","title":{"rendered":"Splo\u0161ni pogoji"},"content":{"rendered":"\n<h2 class=\"wp-block-heading\">Splo\u0161ni pogoji spletnega mesta in obvestilo posameznikom po 13. \u010dlenu splo\u0161ne uredbe o varstvu podatkov (GDPR) glede obdelave osebnih podatkov.<\/h2>\n\n\n\n<p><\/p>\n\n\n\n<h3 class=\"wp-block-heading\">Upravljavec zbirke osebnih podatkov:<\/h3>\n\n\n\n<p>Sa\u0161o Beker s.p., Beograjska ulica 6, 2000 Maribor \u2013 SI<\/p>\n\n\n\n<h3 class=\"wp-block-heading\">Upravljalec<\/h3>\n\n\n\n<p>Ta spletna stran (<a href=\"http:\/\/www.villa-lara.si\" target=\"_blank\" rel=\"noreferrer noopener\">www.villa-lara.si<\/a>) je last podjetja SA\u0160O BEKER S.P.., ki to spletno mesto tudi upravlja:&nbsp;<\/p>\n\n\n\n<p>SA\u0160O BEKER S.P..; PE: VILLA LARA**** TERME \u010cATE\u017d, Topli\u0161ka cesta 76g, 8250 Bre\u017eice, mati\u010dna \u0161tevilka: 8654000000, ID za DDV: &nbsp;56772971 (v nadaljevanju:&nbsp;<em>upravljalec<\/em>).<\/p>\n\n\n\n<p>V podjetju SA\u0160O BEKER S.P. se zavedamo pomembnosti varstva osebnih podatkov, zato bomo v skladu z zahtevami Splo\u0161ne uredbe o varstvu podatkov EU (GDPR) z osebnimi podatki ravnali odgovorno in spo\u0161tljivo.<\/p>\n\n\n\n<h3 class=\"wp-block-heading\">Splo\u0161no<\/h3>\n\n\n\n<p>Vsebine, objavljene na spletnem mestu, je dovoljeno reproducirati le v nekomercialne namene, pri \u010demer se morajo ohraniti vsa navedena opozorila o avtorskih pravicah in se torej ne smejo prepisovati, razmno\u017eevati ali kako druga\u010de raz\u0161irjati brez dovoljenja podjetja SA\u0160O BEKER S.P.<\/p>\n\n\n\n<p>Po svojih najbolj\u0161ih mo\u010deh se trudimo, da na spletnem mestu objavljamo le prave in posodobljene podatke, vendar ne moremo zagotavljati popolne to\u010dnosti in zanesljivosti vseh objavljenih podatkov. Prav tako ne prevzemamo nobene odgovornosti za morebitne posledice, nastale zaradi uporabe informacij, objavljenih na tem spletnem mestu, ali za\u010dasnega nedelovanja spletnega mesta.<\/p>\n\n\n\n<p>SA\u0160O BEKER S.P. si pridr\u017euje pravico do spremembe vseh podatkov, ki so objavljeni na tem spletnem mestu.<\/p>\n\n\n\n<p>Z uporabo tega spletnega mesta obiskovalec potrjuje, da sprejema navedene pogoje in z njimi sogla\u0161a.<\/p>\n\n\n\n<h3 class=\"wp-block-heading\">Varstvo podatkov<\/h3>\n\n\n\n<h3 class=\"wp-block-heading\">(1) Osebni podatki<\/h3>\n\n\n\n<p>Zavedamo se, da je zasebnost obiskovalcev na\u0161ega spletnega mesta zelo pomembna. Zato bodo vsi podatki, ki jih pridobimo na spletnem mestu (spletni obrazec), uporabljeni izklju\u010dno v namene, za katere so bili pridobljeni.<\/p>\n\n\n\n<h3 class=\"wp-block-heading\">(2) Hramba podatkov<\/h3>\n\n\n\n<p>Osebni podatki, ki jih pridobimo na podlagi va\u0161ega izrecnega soglasja, so shranjeni v elektronski ali fizi\u010dni zbirki osebnih podatkov (odvisno od oblike pridobljenega osebnega podatka). Zbirke so ustrezno tehni\u010dno zavarovane, dostop do njih imajo le poobla\u0161\u010deni.<\/p>\n\n\n\n<p>Osebni podatki, ki nam jih posredujete digitalno (spletni obrazec), se shranjujejo na stre\u017enikih znotraj podjetja oz. pri partnerjih, s katerimi imamo sklenjene pogodbe.<\/p>\n\n\n\n<p>Podjetje SA\u0160O BEKER S.P. sodeluje z vodilnimi ponudniki orodij za obdelavo podatkov, ki so skladni z uredbo GDPR.<\/p>\n\n\n\n<p>Zbrane osebne podatke, ki spadajo pod uredbo GDPR, hranimo \u0161e do 30 dni od trenutka, ko nam sporo\u010dite, da ne sogla\u0161ate ve\u010d s hranjenjem in obdelavo osebnih podatkov.<\/p>\n\n\n\n<p>\u010ce bomo \u017eeleli zbrane osebne podatke obdelovati za drug namen, kot so bili prvotno zbrani, bomo posamezniku pred nadaljnjo obdelavo podatkov zagotovili vse potrebne informacije in v tem primeru prosili za novo soglasje.<\/p>\n\n\n\n<p>Vse osebne podatke bomo hranili v tajnosti.<\/p>\n\n\n\n<h3 class=\"wp-block-heading\">(3) Zbiranje, obdelava in uporaba osebnih podatkov<\/h3>\n\n\n\n<p>Va\u0161e osebne podatke zbiramo, jih upravljamo in obdelujemo le za zakonsko dolo\u010dene namene ali na podlagi va\u0161ega izrecnega soglasja.<\/p>\n\n\n\n<p>Osebni podatki, ki jih potrebujemo zaradi zakonsko (ali pogodbeno) dolo\u010denih namenov, so na primer:<\/p>\n\n\n\n<ul><li>podatki o rezervaciji in pla\u010dilu namestitve v Villa Lara**** Terme \u010cate\u017e;<\/li><li>podatki za pripravo ponudbe no\u010ditve (rezervacija);<\/li><li>podatki za pripravo ponudbe poslovnega dogodka;<\/li><li>podatki za pripravo ponudbe za privatni dogodek;<\/li><li>podatki na podlagi posredovanega povpra\u0161evanja.<\/li><\/ul>\n\n\n\n<p>Osebni podatki, ki jih potrebujemo za druge namene, za katere je potrebno soglasje posameznika, so na primer:<\/p>\n\n\n\n<ul><li>elektronski naslov ob prijavi na elektronske novice;<\/li><li>IP-naslov odobritve uporabe pi\u0161kotkov na spletni strani;<\/li><li>podatki o prijavi na prosta delovna mesta.<\/li><\/ul>\n\n\n\n<p>Podatki, zbrani s soglasjem, so namenjeni predvsem komunikaciji s posamezniki, in sicer z namenom obve\u0161\u010danja o novostih in aktivnostih podjetja SA\u0160O BEKER S.P..<\/p>\n\n\n\n<p>Zavezujemo se, da pridobljenih osebnih podatkov ne bomo posredovali tretji osebi brez va\u0161e predhodne privolitve.<\/p>\n\n\n\n<h3 class=\"wp-block-heading\">(4) Uporaba osebnih podatkov<\/h3>\n\n\n\n<p>Zbiramo in obdelujemo le osebne podatke, ki jih potrebujemo zaradi izvajanja storitev ali ki jih dolo\u010da zakon oz. sklenjena pogodba oz. tiste, za katere ste dali izrecno soglasje. Taki osebni podatki so npr.: ime in priimek, naslov, telefonska \u0161tevilka, elektronski naslov, \u0161tevilka kreditne kartice (samo v primeru fiksne rezervacije namestitve po najugodnej\u0161i ceni).<\/p>\n\n\n\n<p>Va\u0161e podatke za namene obve\u0161\u010danja po elektronski po\u0161ti uporabimo \u0161ele po va\u0161em predhodnem soglasju ali na podlagi zakonitega interesa. Za namen obve\u0161\u010danja z elektronsko po\u0161to hranimo: naslov elektronske po\u0161te (obvezno), ime (opcijsko), priimek (opcijsko).<\/p>\n\n\n\n<p>Namen obve\u0161\u010danja po elektronski po\u0161ti:<\/p>\n\n\n\n<ul><li>obve\u0161\u010danje o novostih Villa Lara**** Terme \u010cate\u017e &#8211; podjetje SA\u0160O BEKER S.P.<\/li><li>ohranjanje stika in zadovoljstva s strankami in gosti, ki so \u017ee bivali v Villa Lara**** Terme \u010cate\u017e.<\/li><\/ul>\n\n\n\n<p>Povratne informacije so potrebne in v veliko pomo\u010d pri zagotavljanju kakovostnih storitev. Ker si ob\u010dasno in ob stikih z uporabniki (gosti, ki so \u017ee bivali v Villa Lara**** Terme \u010cate\u017e)\u017eelimo pridobiti relevantne informacije o zadovoljstvu s storitvijo, po njeni izvedbi po\u0161ljemo vabilo k izpolnitvi vpra\u0161alnika oz. k podaji povratnih informacij. Izpolnjevanje anket je prostovoljno in zanjo ni treba pridobiti soglasja uporabnika.<\/p>\n\n\n\n<h3 class=\"wp-block-heading\">(5) Preklic soglasja<\/h3>\n\n\n\n<p>Soglasje za obdelavo osebnih podatkov lahko prekli\u010dete kadar koli. Prekli\u010dete lahko pravico za posamezen namen ali za vse namene obdelave osebnih podatkov, s katerimi ste sogla\u0161ali.<\/p>\n\n\n\n<p>Dano soglasje lahko prekli\u010dete:<\/p>\n\n\n\n<ul><li>s klikom na povezavo na \u00bbunsubscribe from this list\u00ab, ki je na koncu vsakega elektronskega sporo\u010dila, ki ga prejmete od nas;<\/li><li>z odgovorom na elektronsko sporo\u010dilo;<\/li><li>z elektronskim sporo\u010dilom na info@villa-lara.si, zadeva: Odjava.<\/li><\/ul>\n\n\n\n<p>\u010ce boste preklicali soglasje za zbiranje ali obdelavo osebnih podatkov, bodo vsi zbrani osebni podatki, na katere se bo nana\u0161ala zahteva za izbris, izbrisani ali izvzeti iz samodejne obdelave.<\/p>\n\n\n\n<p>Preklic soglasja za obdelavo osebnih podatkov ne vpliva na zakonitost obdelave osebnih podatkov v zvezi z vami do va\u0161ega preklica ter uporabo teh osebnih podatkov za zakonsko dolo\u010dene namene.<\/p>\n\n\n\n<h3 class=\"wp-block-heading\">(6) Pravice posameznika<\/h3>\n\n\n\n<p>Vsak posameznik, prejemnik sporo\u010dila, lahko za svoje podatke kadar koli zahteva:<\/p>\n\n\n\n<ul><li>vpogled,<\/li><li>ugovor,<\/li><li>popravek,<\/li><li>popoln izbris\/pozabo,<\/li><li>prenosljivost,<\/li><li>omejitev obdelave in hranjenja oz. preklic soglasja za obdelavo in hranjenje, ne da bi to vplivalo na zakonitost obdelave, ki se je na podlagi privolitve oz. soglasja izvajala do njegovega preklica.<\/li><\/ul>\n\n\n\n<p>Zahteve za informiranje, izbris in popravek lahko po\u0161ljete na naslov info@villa-lara.si..<\/p>\n\n\n\n<h3 class=\"wp-block-heading\">(7) Varstvo podatkov<\/h3>\n\n\n\n<p>Za za\u0161\u010dito va\u0161ih podatkov smo sprejeli tehni\u010dne in organizacijske ukrepe. Na\u0161e metode in varnostne ukrepe redno prilagajamo najnovej\u0161im standardom in sodobnim tehnologijam.<\/p>\n\n\n\n<p>\u010ce bi bilo varstvo va\u0161ih osebnih podatkov ogro\u017eeno in \u010de bi bila ob tem izkazana verjetnost, da bi taka ogro\u017eenost varstva osebnih podatkov lahko povzro\u010dila veliko tveganje za va\u0161e pravice in svobo\u0161\u010dine, vas bomo o tem nemudoma obvestili.<\/p>\n\n\n\n<p>\u010ce bi bilo varstvo va\u0161ih osebnih podatkov ogro\u017eeno , bomo brez nepotrebnega odla\u0161anja, najpozneje pa v 72 urah po seznanitvi z ogro\u017eenostjo varstva va\u0161ih osebnih podatkov o njej obvestili pristojni organ.<\/p>\n\n\n\n<h3 class=\"wp-block-heading\">(8) Pravica do prito\u017ebe<\/h3>\n\n\n\n<p>\u010ce menite, da smo vam kakor koli kr\u0161ili pravice z naslova varstva osebnih podatkov, lahko kadar koli podate zahtevek za pojasnilo podjetju SA\u0160O BEKER S.P. ali nadzornemu organu \u2013 Informacijskemu poobla\u0161\u010dencu v Republiki Sloveniji: Republika Slovenija, Informacijski poobla\u0161\u010denec, Zalo\u0161ka 59, 1000 Ljubljana,&nbsp;<a href=\"http:\/\/www.jezersek.si\/si\/www.ip-rs.si\" target=\"_blank\" rel=\"noreferrer noopener\">www.ip-rs.si<\/a>.<\/p>\n\n\n\n<h3 class=\"wp-block-heading\">(9) Pomembne informacije<\/h3>\n\n\n\n<p>Zavezujemo se, da bomo vse zbrane podatke obdelovali zgolj v okviru na\u0161tetih namenov upravljanja oz. obdelave osebnih podatkov ter v skladu z Zakonom o varstvu osebnih podatkov ter drugo zadevno podro\u010dno zakonodajo in tudi skladno z Uredbo (EU) 2016\/679 o varstvu posameznikov pri obdelavi osebnih podatkov (GDPR).<\/p>\n\n\n\n<p>Storili bomo vse, kar je v na\u0161i mo\u010di, da vam pomagamo pri uveljavljanju va\u0161ih pravic.<\/p>\n\n\n\n<p>Za vse dodatne informacije smo vam na voljo na:<\/p>\n\n\n\n<p>SA\u0160O BEKER S.P.&nbsp;<\/p>\n\n\n\n<p>Beograjska ulica 6<\/p>\n\n\n\n<p>2000 Maribor<\/p>\n\n\n\n<p>T: +386 31 317 537<\/p>\n\n\n\n<p>E: info@villa-lara.si<\/p>\n\n\n\n<p>www.villa-lara.si<\/p>\n\n\n\n<h3 class=\"wp-block-heading\">Veljavnost politike zasebnosti<\/h3>\n\n\n\n<p>Velja od 01. 10. 2020.<\/p>\n\n\n\n<div style=\"height:100px\" aria-hidden=\"true\" class=\"wp-block-spacer\"><\/div>\n","protected":false},"excerpt":{"rendered":"<p>Splo\u0161ni pogoji spletnega mesta in obvestilo posameznikom po 13. \u010dlenu splo\u0161ne uredbe o varstvu podatkov (GDPR) glede obdelave osebnih podatkov. Upravljavec zbirke osebnih podatkov: Sa\u0161o Beker s.p., Beograjska ulica 6, 2000 Maribor \u2013 SI Upravljalec Ta spletna stran (www.villa-lara.si) je last podjetja SA\u0160O BEKER S.P.., ki to spletno mesto tudi upravlja:&nbsp; SA\u0160O BEKER S.P..; PE: &hellip; <a href=\"https:\/\/villa-lara.si\/it\/splosni-pogoji\/\" class=\"more-link\">Continue reading <span class=\"screen-reader-text\">Splo\u0161ni pogoji<\/span><span class=\"meta-nav\">&rarr;<\/span><\/a><\/p>\n","protected":false},"author":2,"featured_media":0,"parent":0,"menu_order":0,"comment_status":"closed","ping_status":"open","template":"","meta":{"footnotes":""},"_links":{"self":[{"href":"https:\/\/villa-lara.si\/it\/wp-json\/wp\/v2\/pages\/8827"}],"collection":[{"href":"https:\/\/villa-lara.si\/it\/wp-json\/wp\/v2\/pages"}],"about":[{"href":"https:\/\/villa-lara.si\/it\/wp-json\/wp\/v2\/types\/page"}],"author":[{"embeddable":true,"href":"https:\/\/villa-lara.si\/it\/wp-json\/wp\/v2\/users\/2"}],"replies":[{"embeddable":true,"href":"https:\/\/villa-lara.si\/it\/wp-json\/wp\/v2\/comments?post=8827"}],"version-history":[{"count":1,"href":"https:\/\/villa-lara.si\/it\/wp-json\/wp\/v2\/pages\/8827\/revisions"}],"predecessor-version":[{"id":8828,"href":"https:\/\/villa-lara.si\/it\/wp-json\/wp\/v2\/pages\/8827\/revisions\/8828"}],"wp:attachment":[{"href":"https:\/\/villa-lara.si\/it\/wp-json\/wp\/v2\/media?parent=8827"}],"curies":[{"name":"wp","href":"https:\/\/api.w.org\/{rel}","templated":true}]}}