{"id":8798,"date":"2015-01-12T04:37:44","date_gmt":"2015-01-12T04:37:44","guid":{"rendered":"https:\/\/villa-lara.si\/home\/"},"modified":"2024-04-15T14:47:44","modified_gmt":"2024-04-15T12:47:44","slug":"home","status":"publish","type":"page","link":"https:\/\/villa-lara.si\/it\/","title":{"rendered":"Villa Lara****"},"content":{"rendered":"<p>[vc_row full_width=&#8221;stretch_row_content_no_spaces&#8221; isfullwidth=&#8221;0&#8243;][vc_column][rev_slider_vc alias=&#8221;slider-homepage-1&#8243;][\/vc_column][\/vc_row][vc_row css=&#8221;.vc_custom_1602017329228{background-image: url(\/\/localhost:8888\/wordpress\/wp_strollik_v2\/wp-content\/uploads\/2015\/01\/background1.jpg?id=7164) !important;background-position: 0 0 !important;background-repeat: no-repeat !important;}&#8221; el_class=&#8221;mobile-booking-form&#8221;][vc_column][vc_raw_html]JTNDZm9ybSUyMGlkJTNEJTIyYm9va2luZy1mb3JtLW1vYmlsZSUyMiUyMGFjdGlvbiUzRCUyMmh0dHBzJTNBJTJGJTJGdmlsbGEtbGFyYS5zaSUyRml0JTJGcHJlbm90YXppb25pJTJGJTIyJTIwbWV0aG9kJTNEJTIyUE9TVCUyMiUzRSUzQ2RpdiUzRSUzQ2RpdiUyMGNsYXNzJTNEJTIyYm9va2luZy1mb3JtLXRpdGxlJTIyJTNFUHJlbm90YXppb25lJTNDJTJGZGl2JTNFJTNDaW5wdXQlMjB0eXBlJTNEJTIydGV4dCUyMiUyMG5hbWUlM0QlMjJwcmlob2QlMjIlMjB2YWx1ZSUzRCUyMiUyMiUyMHBsYWNlaG9sZGVyJTNEJTIyQ2hlY2staW4lMjIlM0UlM0MlMkZkaXYlM0UlM0NkaXYlM0UlM0NpbnB1dCUyMHR5cGUlM0QlMjJ0ZXh0JTIyJTIwbmFtZSUzRCUyMm9kaG9kJTIyJTIwdmFsdWUlM0QlMjIlMjIlMjBwbGFjZWhvbGRlciUzRCUyMkNoZWNrLW91dCUyMiUzRSUzQyUyRmRpdiUzRSUzQ2J1dHRvbiUyMGNsYXNzJTNEJTIyc3VibWl0LWljb24lMjIlM0VDZXJjYSUzQyUyRmJ1dHRvbiUzRSUwQSUzQyUyRmZvcm0lM0U=[\/vc_raw_html][\/vc_column][\/vc_row][vc_row css=&#8221;.vc_custom_1602017377581{padding-top: 80px !important;background-position: 0 0 !important;background-repeat: no-repeat !important;}&#8221; el_class=&#8221;intro-text&#8221;][vc_column][pbr_title_heading title=&#8221;Villa Lara****&#8221; subtitle2=&#8221;SULLA VILA LARA&#8221; style=&#8221;heading-style1&#8243; alignment=&#8221;text-left&#8221; subtitle=&#8221;about villa vogelsang&#8221;][\/vc_column][\/vc_row][vc_row css=&#8221;.vc_custom_1602181153054{padding-bottom: 50px !important;background-position: 0 0 !important;background-repeat: no-repeat !important;}&#8221; el_id=&#8221;o-vili-lara&#8221;][vc_column css=&#8221;.vc_custom_1517372472105{margin-bottom: 30px !important;}&#8221; offset=&#8221;vc_col-lg-8 vc_col-md-12&#8243; el_class=&#8221;padding-right-100&#8243;][pbr_title_heading subtitle1=&#8221;Ristrutturato&#8221; title=&#8221;2020&#8243; style=&#8221;heading-style2&#8243; alignment=&#8221;text-left&#8221; subtitle=&#8221;about villa vogelsang&#8221;][vc_column_text]<\/p>\n<p style=\"font-size: 18px; margin-bottom: 25px;\">Casa vacanza Villa Lara****, una nuovissima villetta per le vostre vacanze, si distingue dalle altre case vacanza per il suo design moderno ed una fornitura completamente nuova, che a Terme \u010cate\u017e non c&#8217;e&#8217; ancora!<\/p>\n<p style=\"font-size: 18px; margin-bottom: 25px;\">Di grandezza 80m<sup>2<\/sup> e con due piani, dispone di un ampia terazza di tre quarti coperta e di grandezza 32m<sup>2<\/sup>.<\/p>\n<p><a class=\"btn btn-theme\" style=\"margin-bottom: 10px;\" href=\"https:\/\/villa-lara.si\/it\/prenotazioni\/\"><i class=\"fa fa-calendar\"><\/i>Prenotazioni<\/a>\u00a0 \u00a0 \u00a0<a class=\"btn btn-default\" style=\"margin-bottom: 10px;\" href=\"#zemljevid\"><i class=\"fa fa-map-marker\"><\/i>Posizione<\/a>[\/vc_column_text][\/vc_column][vc_column offset=&#8221;vc_col-lg-4 vc_col-md-12&#8243; css=&#8221;.vc_custom_1517371949710{margin-bottom: 30px !important;}&#8221;][vc_row_inner][vc_column_inner width=&#8221;1\/2&#8243; offset=&#8221;vc_col-xs-6&#8243;][pbr_counter title=&#8221;Metri quadrati&#8221; text_number=&#8221;80 + 32&#8243; icon=&#8221;fa-object-group&#8221; layout=&#8221;v1&#8243;][pbr_counter title=&#8221;Bagni&#8221; number=&#8221;2&#8243; icon=&#8221;fa-bath&#8221; layout=&#8221;v1&#8243;][\/vc_column_inner][vc_column_inner width=&#8221;1\/2&#8243; offset=&#8221;vc_col-xs-6&#8243;][pbr_counter title=&#8221;Camere da letto&#8221; number=&#8221;3&#8243; icon=&#8221;fa-bed&#8221; layout=&#8221;v1&#8243;][pbr_counter title=&#8221;Parcheggi&#8221; number=&#8221;3&#8243; icon=&#8221;fa-car&#8221; layout=&#8221;v1&#8243;][\/vc_column_inner][\/vc_row_inner][\/vc_column][\/vc_row][vc_row full_width=&#8221;stretch_row_content_no_spaces&#8221; equal_height=&#8221;yes&#8221; css=&#8221;.vc_custom_1601552066019{background-position: 0 0 !important;background-repeat: no-repeat !important;}&#8221; el_class=&#8221;d-flex&#8221; el_id=&#8221;udobje&#8221;][vc_column el_class=&#8221;vc-column-padding&#8221; css=&#8221;.vc_custom_1601469163695{margin-bottom: 30px !important;padding-top: 80px !important;padding-right: 115px !important;padding-bottom: 40px !important;padding-left: 335px !important;background-color: #ff9a00 !important;}&#8221; offset=&#8221;vc_col-lg-6&#8243;][pbr_title_heading title=&#8221;Udobje&#8221; subtitle2=&#8221;Luksuzna oprema&#8221; style=&#8221;heading-style1&#8243; alignment=&#8221;text-left&#8221; el_class=&#8221;text-white&#8221;][vc_column_text]<\/p>\n<p style=\"color: #fff;\">Po\u010ditni\u0161ka hi\u0161ka Villa Lara**** je opremljena po najnovej\u0161ih in najmodernej\u0161ih standardih, saj se pona\u0161a s povsem novo podobo in edinstveno\/luksuzno opremo.<\/p>\n<p style=\"color: #fff;\">V hi\u0161ki je tako popolnoma opremljena moderna kuhinja z vsemi gospodinjskimi aparati, ameri\u0161kim hladilnikom ter opremo za 12 gostov. Velika kopalnica je opremljena z novim pralnim strojem, su\u0161ilnikom za lase ter velikim prostorom za tu\u0161iranje. Hi\u0161ka Villa Lara**** ima kar 3 televizorje s satelitsko anteno (Total TV) in dodaten priklop na pokriti terasi, kamor si lahko televizor prestavite iz notranjosti hi\u0161e in u\u017eivate ob gledanju priljubljenih programov tudi na terasi.<\/p>\n<p style=\"color: #fff;\">V prtli\u010dju se nahaja tudi zasebna sauna in dodatna tu\u0161 kabina, kar je edinstven primer v tukaj\u0161njih hi\u0161kah.<\/p>\n<p style=\"text-align: center;\"><a class=\"btn btn-default\" style=\"margin-bottom: 10px;\" href=\"https:\/\/villa-lara.si\/o-villi-lari\/\">Preberi ve\u010d<\/a><\/p>\n<p>[\/vc_column_text][vc_row_inner el_class=&#8221;space-top-30&#8243;][vc_column_inner width=&#8221;1\/2&#8243;][vc_column_text el_class=&#8221;text-white&#8221;]<\/p>\n<ul style=\"font-size: 18px;\">\n<li>za 8 &#8211; 10 oseb<\/li>\n<li>3 klimatske naprave<\/li>\n<li>WI-FI<\/li>\n<\/ul>\n<p>[\/vc_column_text][\/vc_column_inner][vc_column_inner width=&#8221;1\/2&#8243;][vc_column_text el_class=&#8221;text-white&#8221;]<\/p>\n<ul style=\"font-size: 18px;\">\n<li>3x satelitska televizija<\/li>\n<li>IR sauna<\/li>\n<li>Whirlpool masa\u017eni bazen<\/li>\n<\/ul>\n<p>[\/vc_column_text][\/vc_column_inner][\/vc_row_inner][\/vc_column][vc_column offset=&#8221;vc_col-lg-6&#8243; el_class=&#8221;udobje-slika&#8221;][vc_single_image image=&#8221;8090&#8243; img_size=&#8221;full&#8221; alignment=&#8221;center&#8221;][\/vc_column][\/vc_row][vc_row css=&#8221;.vc_custom_1601552008463{padding-top: 70px !important;padding-bottom: 110px !important;}&#8221; el_id=&#8221;prostorska&#8221;][vc_column][pbr_title_heading title=&#8221;La sistemazione dei spazi&#8221; subtitle2=&#8221;Prijetno bivanje&#8221; style=&#8221;heading-style1&#8243; alignment=&#8221;text-left&#8221; subtitle=&#8221;about villa vogelsang&#8221;][vc_tta_tour active_section=&#8221;1&#8243; el_class=&#8221;vc_tta-tour&#8221;][vc_tta_section i_icon_fontawesome=&#8221;fas fa-home&#8221; add_icon=&#8221;true&#8221; title=&#8221;Il soggiorno&#8221; tab_id=&#8221;1515222311516-88190ee3-4e79&#8243;][vc_row_inner equal_height=&#8221;yes&#8221;][vc_column_inner css=&#8221;.vc_custom_1601926618909{margin-bottom: 10px !important;padding-top: 35px !important;padding-right: 25px !important;padding-left: 35px !important;background-color: #221e1f !important;}&#8221; offset=&#8221;vc_col-lg-4 vc_col-md-4&#8243;][vc_column_text]<\/p>\n<h2>Il soggiorno<\/h2>\n<p>E&#8217; lo spazio dove solitamente si finisce il giorno o si sta piu&#8217; a lungo. Nel soggiorno c&#8217;e&#8217; un nuovo, grande e moderno divano, 2 tabure&#8217; (? Tavolini ? ) e un televisore LCD. E&#8217; un soggiorno moderno, con riscaldamento a pavimento e un&#8217;aria condizzionata.[\/vc_column_text][pbr_featuredbox title=&#8221;Fornitura completa con le lenzuola&#8221; style=&#8221;v1&#8243; icon=&#8221;fa fa-circle&#8221; information=&#8221;&#8221;][pbr_featuredbox title=&#8221;Aria condizionata&#8221; style=&#8221;v1&#8243; icon=&#8221;fa fa-circle&#8221; information=&#8221;&#8221;][pbr_featuredbox title=&#8221;Wii-fii&#8221; style=&#8221;v1&#8243; icon=&#8221;fa fa-circle&#8221; information=&#8221;&#8221;][pbr_featuredbox title=&#8221;TV&#8221; style=&#8221;v1&#8243; icon=&#8221;fa fa-circle&#8221; information=&#8221;&#8221;][\/vc_column_inner][vc_column_inner el_class=&#8221;prostorska-slika&#8221; offset=&#8221;vc_col-lg-8 vc_col-md-8&#8243;][vc_single_image image=&#8221;8102&#8243; img_size=&#8221;full&#8221; alignment=&#8221;center&#8221;][\/vc_column_inner][\/vc_row_inner][\/vc_tta_section][vc_tta_section i_icon_fontawesome=&#8221;fas fa-bed&#8221; add_icon=&#8221;true&#8221; title=&#8221;Camere da letto&#8221; tab_id=&#8221;1601466075157-779ae170-4af6&#8243;][vc_row_inner equal_height=&#8221;yes&#8221;][vc_column_inner css=&#8221;.vc_custom_1601926624399{margin-bottom: 10px !important;padding-top: 35px !important;padding-right: 25px !important;padding-left: 35px !important;background-color: #221e1f !important;}&#8221; offset=&#8221;vc_col-lg-4 vc_col-md-4&#8243;][vc_column_text]<\/p>\n<h2>Camere da letto<\/h2>\n<p>Casa vacanza Villa Lara**** ha ben tre camere da letto. Al pianoterra c&#8217;e una camera da letto per due persone ed un salotto con divano-letto per altre 2 persone.<br \/>\nAl primo piano ci sono due camere da letto per 4 \u2013 6 persone, In tutte due c&#8217;e l&#8217;aria condizionata e il televisore sattelitare. Tutti insieme possono comodamente alloggiare da 8 a 10 persone.[\/vc_column_text][pbr_featuredbox title=&#8221;Fornitura completa con le lenzuola&#8221; style=&#8221;v1&#8243; icon=&#8221;fa fa-circle&#8221; information=&#8221;&#8221;][pbr_featuredbox title=&#8221;Aria condizionata&#8221; style=&#8221;v1&#8243; icon=&#8221;fa fa-circle&#8221; information=&#8221;&#8221;][pbr_featuredbox title=&#8221;Wii-fii&#8221; style=&#8221;v1&#8243; icon=&#8221;fa fa-circle&#8221; information=&#8221;&#8221;][pbr_featuredbox title=&#8221;TV&#8221; style=&#8221;v1&#8243; icon=&#8221;fa fa-circle&#8221; information=&#8221;&#8221;][\/vc_column_inner][vc_column_inner el_class=&#8221;prostorska-slika&#8221; offset=&#8221;vc_col-lg-8 vc_col-md-8&#8243;][vc_single_image image=&#8221;8105&#8243; img_size=&#8221;full&#8221; alignment=&#8221;center&#8221;][\/vc_column_inner][\/vc_row_inner][\/vc_tta_section][vc_tta_section i_icon_fontawesome=&#8221;fas fa-bath&#8221; add_icon=&#8221;true&#8221; title=&#8221;Il bagno&#8221; tab_id=&#8221;1515228953982-997e0a5c-8a68&#8243;][vc_row_inner equal_height=&#8221;yes&#8221;][vc_column_inner css=&#8221;.vc_custom_1601926630519{margin-bottom: 30px !important;padding-top: 35px !important;padding-right: 25px !important;padding-left: 35px !important;background-color: #221e1f !important;}&#8221; offset=&#8221;vc_col-lg-4 vc_col-md-4&#8243;][vc_column_text]<\/p>\n<h2>Il bagno<\/h2>\n<p>Un grande bagno dispone di una grande cabina spaziosa per la doccia, una lavatrice nuova, un lavandino moderno, gabinetto wc e il phon. A disponibilita&#8217; anche asciugamani sempre freschi. Il bagno e&#8217; moderno, con la ceramica estetica e una fornitura modernizzata.[\/vc_column_text][pbr_featuredbox title=&#8221;Completamente fornito&#8221; style=&#8221;v1&#8243; icon=&#8221;fa fa-circle&#8221; information=&#8221;&#8221;][pbr_featuredbox title=&#8221;Asciugamani freschi&#8221; style=&#8221;v1&#8243; icon=&#8221;fa fa-circle&#8221; information=&#8221;&#8221;][pbr_featuredbox title=&#8221;Lavatrice&#8221; style=&#8221;v1&#8243; icon=&#8221;fa fa-circle&#8221; information=&#8221;&#8221;][pbr_featuredbox title=&#8221;Phon&#8221; style=&#8221;v1&#8243; icon=&#8221;fa fa-circle&#8221; information=&#8221;&#8221;][\/vc_column_inner][vc_column_inner el_class=&#8221;prostorska-slika&#8221; offset=&#8221;vc_col-lg-8 vc_col-md-8&#8243;][vc_single_image image=&#8221;8103&#8243; img_size=&#8221;full&#8221;][\/vc_column_inner][\/vc_row_inner][\/vc_tta_section][vc_tta_section i_icon_fontawesome=&#8221;fas fa-utensils&#8221; add_icon=&#8221;true&#8221; title=&#8221;La cucina con la sala da pranzo&#8221; tab_id=&#8221;1515228952671-86a5d6b8-30cb&#8221;][vc_row_inner][vc_column_inner css=&#8221;.vc_custom_1601926635379{margin-bottom: 10px !important;padding-top: 35px !important;padding-right: 25px !important;padding-left: 35px !important;background-color: #221e1f !important;}&#8221; offset=&#8221;vc_col-lg-4 vc_col-md-4&#8243;][vc_column_text]<\/p>\n<h2>La cucina con la sala da pranzo<\/h2>\n<p>La cucina con la sala da pranzo e&#8217; atrezzata in base ai standard moderni, cosi&#8217; che anche alle cuoche piu&#8217; esperte non manchera&#8217; niente ( con tutta la fornitura dai toaster, frullattore, smooty maker, nappa, la microonde, il lavastoviglie, riscaldatore d&#8217;acqua, il forno a microonde, tritacarne, un frigorifero americano con la macchina per il ghiaccio e la piastra elletrica ). La fornitura (bicchieri e piatti) e&#8217; garantita per 12 persone.[\/vc_column_text][pbr_featuredbox title=&#8221;Completttamente fornita&#8221; style=&#8221;v1&#8243; icon=&#8221;fa fa-circle&#8221; information=&#8221;&#8221;][pbr_featuredbox title=&#8221;Completa di attrezzi per la cucina&#8221; style=&#8221;v1&#8243; icon=&#8221;fa fa-circle&#8221; information=&#8221;&#8221;][pbr_featuredbox title=&#8221;Frigorifero americano con la macchina per il ghiaccio&#8221; style=&#8221;v1&#8243; icon=&#8221;fa fa-circle&#8221; information=&#8221;&#8221;][pbr_featuredbox title=&#8221;Piastra elletrica&#8221; style=&#8221;v1&#8243; icon=&#8221;fa fa-circle&#8221; information=&#8221;&#8221;][pbr_featuredbox title=&#8221;Il forno a microonde&#8221; style=&#8221;v1&#8243; icon=&#8221;fa fa-circle&#8221; information=&#8221;&#8221;][pbr_featuredbox title=&#8221;La lavastoviglie&#8221; style=&#8221;v1&#8243; icon=&#8221;fa fa-circle&#8221; information=&#8221;&#8221;][\/vc_column_inner][vc_column_inner el_class=&#8221;prostorska-slika&#8221; offset=&#8221;vc_col-lg-8 vc_col-md-8&#8243;][vc_single_image image=&#8221;8104&#8243; img_size=&#8221;full&#8221;][\/vc_column_inner][\/vc_row_inner][\/vc_tta_section][vc_tta_section i_icon_fontawesome=&#8221;fas fa-cloud-sun&#8221; add_icon=&#8221;true&#8221; title=&#8221;La terazza&#8221; tab_id=&#8221;1515228945239-357b9a58-ecc9&#8243;][vc_row_inner][vc_column_inner css=&#8221;.vc_custom_1601926640094{margin-bottom: 10px !important;padding-top: 35px !important;padding-right: 25px !important;padding-left: 35px !important;background-color: #221e1f !important;}&#8221; offset=&#8221;vc_col-lg-4 vc_col-md-4&#8243;][vc_column_text]<\/p>\n<h2>La terazza<\/h2>\n<p>Casa vacanza Villa Lara**** dispone di una grande terazza all&#8217;esterno di 32m2, dove vi attendono divertimento e relax. Abbiamo disposto sulla terazza un grande tavolo con sedie, un grande camino \u2013 grill, tavolo da ping-pong, picado, una garnitura, un ombrellone e lettino per il relax.[\/vc_column_text][pbr_featuredbox title=&#8221;Completamente fornita&#8221; style=&#8221;v1&#8243; icon=&#8221;fa fa-circle&#8221; information=&#8221;&#8221;][pbr_featuredbox title=&#8221;Giochi all&#8217;aperto (ping pong, picado, badminton)&#8221; style=&#8221;v1&#8243; icon=&#8221;fa fa-circle&#8221; information=&#8221;&#8221;][pbr_featuredbox title=&#8221;Camino di giardino con grill&#8221; style=&#8221;v1&#8243; icon=&#8221;fa fa-circle&#8221; information=&#8221;&#8221;][pbr_featuredbox title=&#8221;Garnitura&#8221; style=&#8221;v1&#8243; icon=&#8221;fa fa-circle&#8221; information=&#8221;&#8221;][pbr_featuredbox title=&#8221;lettini e ombrellone&#8221; style=&#8221;v1&#8243; icon=&#8221;fa fa-circle&#8221; information=&#8221;&#8221;][pbr_featuredbox title=&#8221;piscina-massaggio Whirpool&#8221; style=&#8221;v1&#8243; icon=&#8221;fa fa-circle&#8221; information=&#8221;&#8221;][pbr_featuredbox title=&#8221;due biciclette&#8221; style=&#8221;v1&#8243; icon=&#8221;fa fa-circle&#8221; information=&#8221;&#8221;][\/vc_column_inner][vc_column_inner el_class=&#8221;prostorska-slika&#8221; offset=&#8221;vc_col-lg-8 vc_col-md-8&#8243;][vc_single_image image=&#8221;8106&#8243; img_size=&#8221;full&#8221;][\/vc_column_inner][\/vc_row_inner][\/vc_tta_section][\/vc_tta_tour][\/vc_column][\/vc_row][vc_row full_width=&#8221;stretch_row_content_no_spaces&#8221; isfullwidth=&#8221;0&#8243; el_id=&#8221;home-galerija&#8221;][vc_column][pbr_gallery_grid columns=&#8221;5&#8243; nopadding=&#8221;1&#8243; galleries=&#8221;8389,8413,8401,8437,8433,8473,8501,8521,8485,8549&#8243;][\/vc_column][\/vc_row][vc_row full_width=&#8221;stretch_row&#8221; css=&#8221;.vc_custom_1516421058680{padding-bottom: 50px !important;background-color: #221e1f !important;}&#8221;][vc_column css=&#8221;.vc_custom_1516421234342{padding-top: 100px !important;padding-bottom: 70px !important;}&#8221;][pbr_title_heading title=&#8221;I commenti dei nostri ospiti&#8221; subtitle2=&#8221;Ocenili ste nas&#8221; style=&#8221;heading-style1&#8243; alignment=&#8221;text-left&#8221; subtitle=&#8221;Happy customer&#8221; el_class=&#8221;white&#8221;][pbr_testimonials number=&#8221;4&#8243; columns=&#8221;2&#8243; layout=&#8221;v2&#8243; el_class=&#8221;testimonal-element&#8221;][\/vc_column][\/vc_row][vc_row css=&#8221;.vc_custom_1601589738507{padding-top: 100px !important;padding-bottom: 120px !important;}&#8221; el_id=&#8221;zemljevid&#8221;][vc_column][pbr_title_heading title=&#8221;Posizione&#8221; subtitle2=&#8221;Terme \u010cate\u017e&#8221; style=&#8221;heading-style1&#8243; alignment=&#8221;text-left&#8221; subtitle=&#8221;Happy customer&#8221;][vc_gmaps link=&#8221;#E-8_JTNDaWZyYW1lJTIwc3JjJTNEJTIyaHR0cHMlM0ElMkYlMkZ3d3cuZ29vZ2xlLmNvbSUyRm1hcHMlMkZlbWJlZCUzRnBiJTNEJTIxMW0xOCUyMTFtMTIlMjExbTMlMjExZDI3NzcuMDc5ODA3NDMwNDc0JTIxMmQxNS42MzA5MjYzMTYxODI0MjglMjEzZDQ1Ljg4OTcxNjkxMjk2ODk3JTIxMm0zJTIxMWYwJTIxMmYwJTIxM2YwJTIxM20yJTIxMWkxMDI0JTIxMmk3NjglMjE0ZjEzLjElMjEzbTMlMjExbTIlMjExczB4NDc2NWI3ZWMzMjVjZDIyMyUyNTNBMHg2NjdiN2RiODBhYjFmZTdmJTIxMnNUb3BsaSUyNUM1JTI1QTFrYSUyNTIwY2VzdGElMjUyMDc2ZyUyNTJDJTI1MjA4MjUwJTI1MjBCcmUlMjVDNSUyNUJFaWNlJTIxNWUwJTIxM20yJTIxMXNlbiUyMTJzc2klMjE0djE2MDE1Njg3NDQ5OTYlMjE1bTIlMjExc2VuJTIxMnNzaSUyMiUyMHdpZHRoJTNEJTIyMTAwJTI1JTIyJTIwaGVpZ2h0JTNEJTIyNTAwJTIyJTIwZnJhbWVib3JkZXIlM0QlMjIwJTIyJTIwc3R5bGUlM0QlMjJib3JkZXIlM0EwJTNCJTIyJTIwYWxsb3dmdWxsc2NyZWVuJTNEJTIyJTIyJTIwYXJpYS1oaWRkZW4lM0QlMjJmYWxzZSUyMiUyMHRhYmluZGV4JTNEJTIyMCUyMiUzRSUzQyUyRmlmcmFtZSUzRQ==&#8221;][\/vc_column][\/vc_row][vc_row full_width=&#8221;stretch_row&#8221; el_class=&#8221;col-special&#8221; css=&#8221;.vc_custom_1601584603048{background-image: url(https:\/\/villa-lara.si\/wp-content\/uploads\/2020\/10\/DSC5147_thumb_thumb.jpg?id=8397) !important;}&#8221; el_id=&#8221;footer-block&#8221;][vc_column el_class=&#8221;footer-contact&#8221; offset=&#8221;vc_col-lg-4 vc_col-md-4&#8243;][pbr_team title=&#8221;Contatti&#8221; job=&#8221;&#8221; phone=&#8221;+386 31 317 537&#8243; email=&#8221;info@villa-lara.si&#8221; style=&#8221;vertical&#8221;][vc_empty_space height=&#8221;20px&#8221;]\n<div class=\"wpcf7 no-js\" id=\"wpcf7-f7412-o1\" lang=\"en-US\" dir=\"ltr\">\n<div class=\"screen-reader-response\"><p role=\"status\" aria-live=\"polite\" aria-atomic=\"true\"><\/p> <ul><\/ul><\/div>\n<form action=\"\/it\/wp-json\/wp\/v2\/pages\/8798#wpcf7-f7412-o1\" method=\"post\" class=\"wpcf7-form init wpcf7-acceptance-as-validation\" aria-label=\"Contact form\" novalidate=\"novalidate\" data-status=\"init\">\n<div style=\"display: none;\">\n<input type=\"hidden\" name=\"_wpcf7\" value=\"7412\" \/>\n<input type=\"hidden\" name=\"_wpcf7_version\" value=\"5.9.8\" \/>\n<input type=\"hidden\" name=\"_wpcf7_locale\" value=\"en_US\" \/>\n<input type=\"hidden\" name=\"_wpcf7_unit_tag\" value=\"wpcf7-f7412-o1\" \/>\n<input type=\"hidden\" name=\"_wpcf7_container_post\" value=\"0\" \/>\n<input type=\"hidden\" name=\"_wpcf7_posted_data_hash\" value=\"\" \/>\n<\/div>\n<p><span class=\"wpcf7-form-control-wrap\" data-name=\"ime-178\"><input size=\"40\" maxlength=\"400\" class=\"wpcf7-form-control wpcf7-text wpcf7-validates-as-required form-control\" aria-required=\"true\" aria-invalid=\"false\" placeholder=\"Ime in priimek\" value=\"\" type=\"text\" name=\"ime-178\" \/><\/span>\n<\/p>\n<p><span class=\"wpcf7-form-control-wrap\" data-name=\"email-765\"><input size=\"40\" maxlength=\"400\" class=\"wpcf7-form-control wpcf7-email wpcf7-validates-as-required wpcf7-text wpcf7-validates-as-email form-control\" aria-required=\"true\" aria-invalid=\"false\" placeholder=\"E-mail\" value=\"\" type=\"email\" name=\"email-765\" \/><\/span>\n<\/p>\n<p><span class=\"wpcf7-form-control-wrap\" data-name=\"tel-410\"><input size=\"40\" maxlength=\"400\" class=\"wpcf7-form-control wpcf7-tel wpcf7-text wpcf7-validates-as-tel form-control\" aria-invalid=\"false\" placeholder=\"Telefonska \u0161tevilka\" value=\"\" type=\"tel\" name=\"tel-410\" \/><\/span>\n<\/p>\n<p><span class=\"wpcf7-form-control-wrap\" data-name=\"textarea-1\"><textarea cols=\"40\" rows=\"10\" maxlength=\"2000\" class=\"wpcf7-form-control wpcf7-textarea form-control\" aria-invalid=\"false\" placeholder=\"Sporo\u010dilo\" name=\"textarea-1\"><\/textarea><\/span>\n<\/p>\n<p><span class=\"wpcf7-form-control-wrap\" data-name=\"varstvo-pogoji\"><span class=\"wpcf7-form-control wpcf7-acceptance\"><span class=\"wpcf7-list-item\"><label><input type=\"checkbox\" name=\"varstvo-pogoji\" value=\"1\" aria-invalid=\"false\" \/><span class=\"wpcf7-list-item-label\">Strinjam se s splo\u0161nimi pogoji o <a href=\"https:\/\/villa-lara.si\/splosni-pogoji\/\" target=\"_blank\">varstvu osebnih podatkov<\/a>.<\/span><\/label><\/span><\/span><\/span>\n<\/p>\n<p><input class=\"wpcf7-form-control wpcf7-submit has-spinner btn-default btn\" type=\"submit\" value=\"Po\u0161lji\" \/>\n<\/p><p style=\"display: none !important;\" class=\"akismet-fields-container\" data-prefix=\"_wpcf7_ak_\"><label>&#916;<textarea name=\"_wpcf7_ak_hp_textarea\" cols=\"45\" rows=\"8\" maxlength=\"100\"><\/textarea><\/label><input type=\"hidden\" id=\"ak_js_1\" name=\"_wpcf7_ak_js\" value=\"167\"\/><script>document.getElementById( \"ak_js_1\" ).setAttribute( \"value\", ( new Date() ).getTime() );<\/script><\/p><div class=\"wpcf7-response-output\" aria-hidden=\"true\"><\/div>\n<\/form>\n<\/div>\n[\/vc_column][vc_column offset=&#8221;vc_col-lg-8 vc_col-md-8 vc_hidden-sm vc_hidden-xs&#8221;][\/vc_column][\/vc_row]<\/p>\n","protected":false},"excerpt":{"rendered":"<p>[vc_row full_width=&#8221;stretch_row_content_no_spaces&#8221; isfullwidth=&#8221;0&#8243;][vc_column][rev_slider_vc alias=&#8221;slider-homepage-1&#8243;][\/vc_column][\/vc_row][vc_row css=&#8221;.vc_custom_1602017329228{background-image: url(\/\/localhost:8888\/wordpress\/wp_strollik_v2\/wp-content\/uploads\/2015\/01\/background1.jpg?id=7164) !important;background-position: 0 0 !important;background-repeat: no-repeat !important;}&#8221; el_class=&#8221;mobile-booking-form&#8221;][vc_column][vc_raw_html]JTNDZm9ybSUyMGlkJTNEJTIyYm9va2luZy1mb3JtLW1vYmlsZSUyMiUyMGFjdGlvbiUzRCUyMmh0dHBzJTNBJTJGJTJGdmlsbGEtbGFyYS5zaSUyRml0JTJGcHJlbm90YXppb25pJTJGJTIyJTIwbWV0aG9kJTNEJTIyUE9TVCUyMiUzRSUzQ2RpdiUzRSUzQ2RpdiUyMGNsYXNzJTNEJTIyYm9va2luZy1mb3JtLXRpdGxlJTIyJTNFUHJlbm90YXppb25lJTNDJTJGZGl2JTNFJTNDaW5wdXQlMjB0eXBlJTNEJTIydGV4dCUyMiUyMG5hbWUlM0QlMjJwcmlob2QlMjIlMjB2YWx1ZSUzRCUyMiUyMiUyMHBsYWNlaG9sZGVyJTNEJTIyQ2hlY2staW4lMjIlM0UlM0MlMkZkaXYlM0UlM0NkaXYlM0UlM0NpbnB1dCUyMHR5cGUlM0QlMjJ0ZXh0JTIyJTIwbmFtZSUzRCUyMm9kaG9kJTIyJTIwdmFsdWUlM0QlMjIlMjIlMjBwbGFjZWhvbGRlciUzRCUyMkNoZWNrLW91dCUyMiUzRSUzQyUyRmRpdiUzRSUzQ2J1dHRvbiUyMGNsYXNzJTNEJTIyc3VibWl0LWljb24lMjIlM0VDZXJjYSUzQyUyRmJ1dHRvbiUzRSUwQSUzQyUyRmZvcm0lM0U=[\/vc_raw_html][\/vc_column][\/vc_row][vc_row css=&#8221;.vc_custom_1602017377581{padding-top: 80px !important;background-position: 0 0 !important;background-repeat: no-repeat !important;}&#8221; el_class=&#8221;intro-text&#8221;][vc_column][pbr_title_heading title=&#8221;Villa Lara****&#8221; subtitle2=&#8221;SULLA VILA LARA&#8221; style=&#8221;heading-style1&#8243; alignment=&#8221;text-left&#8221; subtitle=&#8221;about villa vogelsang&#8221;][\/vc_column][\/vc_row][vc_row css=&#8221;.vc_custom_1602181153054{padding-bottom: 50px !important;background-position: 0 0 !important;background-repeat: no-repeat !important;}&#8221; el_id=&#8221;o-vili-lara&#8221;][vc_column css=&#8221;.vc_custom_1517372472105{margin-bottom: 30px !important;}&#8221; offset=&#8221;vc_col-lg-8 vc_col-md-12&#8243; el_class=&#8221;padding-right-100&#8243;][pbr_title_heading subtitle1=&#8221;Ristrutturato&#8221; title=&#8221;2020&#8243; style=&#8221;heading-style2&#8243; alignment=&#8221;text-left&#8221; subtitle=&#8221;about villa vogelsang&#8221;][vc_column_text] Casa &hellip; <a href=\"https:\/\/villa-lara.si\/it\/\" class=\"more-link\">Continue reading <span class=\"screen-reader-text\">Villa Lara****<\/span><span class=\"meta-nav\">&rarr;<\/span><\/a><\/p>\n","protected":false},"author":2,"featured_media":0,"parent":0,"menu_order":0,"comment_status":"closed","ping_status":"closed","template":"","meta":{"footnotes":""},"_links":{"self":[{"href":"https:\/\/villa-lara.si\/it\/wp-json\/wp\/v2\/pages\/8798"}],"collection":[{"href":"https:\/\/villa-lara.si\/it\/wp-json\/wp\/v2\/pages"}],"about":[{"href":"https:\/\/villa-lara.si\/it\/wp-json\/wp\/v2\/types\/page"}],"author":[{"embeddable":true,"href":"https:\/\/villa-lara.si\/it\/wp-json\/wp\/v2\/users\/2"}],"replies":[{"embeddable":true,"href":"https:\/\/villa-lara.si\/it\/wp-json\/wp\/v2\/comments?post=8798"}],"version-history":[{"count":3,"href":"https:\/\/villa-lara.si\/it\/wp-json\/wp\/v2\/pages\/8798\/revisions"}],"predecessor-version":[{"id":9113,"href":"https:\/\/villa-lara.si\/it\/wp-json\/wp\/v2\/pages\/8798\/revisions\/9113"}],"wp:attachment":[{"href":"https:\/\/villa-lara.si\/it\/wp-json\/wp\/v2\/media?parent=8798"}],"curies":[{"name":"wp","href":"https:\/\/api.w.org\/{rel}","templated":true}]}}