{"id":8852,"date":"2014-03-18T05:03:59","date_gmt":"2014-03-18T05:03:59","guid":{"rendered":"https:\/\/villa-lara.si\/kontakt\/"},"modified":"2020-11-08T20:40:51","modified_gmt":"2020-11-08T19:40:51","slug":"kontakte","status":"publish","type":"page","link":"https:\/\/villa-lara.si\/de\/kontakte\/","title":{"rendered":"Kontakte"},"content":{"rendered":"<p>[vc_row css=&#8220;.vc_custom_1518075609876{padding-top: 50px !important;padding-bottom: 50px !important;}&#8220;][vc_column width=&#8220;1\/3&#8243; css=&#8220;.vc_custom_1517975643416{margin-bottom: 30px !important;}&#8220;][pbr_title_heading title=&#8220;Kontaktni podatki&#8220; alignment=&#8220;text-left&#8220;][vc_column_text el_class=&#8220;contact-infor&#8220;]<\/p>\n<h4>Po\u010ditni\u0161ka hi\u0161ka Villa Lara ****<\/h4>\n<p>Topli\u0161ka cesta 76g,<br \/>\n8250 Brezice,<br \/>\nSlovenia<\/p>\n<p><i class=\"fa fa-phone\"><\/i><strong>Telefon:<\/strong> +386 31 317 537<br \/>\n<i class=\"fa fa-envelope\"><\/i><strong>Email:<\/strong> info@villa-lara.si[\/vc_column_text][\/vc_column][vc_column width=&#8220;2\/3&#8243; el_class=&#8220;padding-left-100&#8243; css=&#8220;.vc_custom_1518076003186{margin-bottom: 30px !important;}&#8220;][pbr_title_heading title=&#8220;Po\u0161lji nam sporo\u010dilo&#8220; alignment=&#8220;text-left&#8220;]\n<div class=\"wpcf7 no-js\" id=\"wpcf7-f8088-o1\" lang=\"en-US\" dir=\"ltr\">\n<div class=\"screen-reader-response\"><p role=\"status\" aria-live=\"polite\" aria-atomic=\"true\"><\/p> <ul><\/ul><\/div>\n<form action=\"\/de\/wp-json\/wp\/v2\/pages\/8852#wpcf7-f8088-o1\" method=\"post\" class=\"wpcf7-form init wpcf7-acceptance-as-validation\" aria-label=\"Contact form\" novalidate=\"novalidate\" data-status=\"init\">\n<div style=\"display: none;\">\n<input type=\"hidden\" name=\"_wpcf7\" value=\"8088\" \/>\n<input type=\"hidden\" name=\"_wpcf7_version\" value=\"5.9.8\" \/>\n<input type=\"hidden\" name=\"_wpcf7_locale\" value=\"en_US\" \/>\n<input type=\"hidden\" name=\"_wpcf7_unit_tag\" value=\"wpcf7-f8088-o1\" \/>\n<input type=\"hidden\" name=\"_wpcf7_container_post\" value=\"0\" \/>\n<input type=\"hidden\" name=\"_wpcf7_posted_data_hash\" value=\"\" \/>\n<\/div>\n<div class=\"row\">\n\t<div class=\"col-md-6\">\n\t\t<p><span class=\"wpcf7-form-control-wrap\" data-name=\"ime-178\"><input size=\"40\" maxlength=\"400\" class=\"wpcf7-form-control wpcf7-text wpcf7-validates-as-required form-control\" aria-required=\"true\" aria-invalid=\"false\" placeholder=\"Ime *\" value=\"\" type=\"text\" name=\"ime-178\" \/><\/span>\n\t\t<\/p>\n\t<\/div>\n\t<div class=\"col-md-6\">\n\t\t<p><span class=\"wpcf7-form-control-wrap\" data-name=\"priimek-178\"><input size=\"40\" maxlength=\"400\" class=\"wpcf7-form-control wpcf7-text wpcf7-validates-as-required form-control\" aria-required=\"true\" aria-invalid=\"false\" placeholder=\"Priimek *\" value=\"\" type=\"text\" name=\"priimek-178\" \/><\/span>\n\t\t<\/p>\n\t<\/div>\n<\/div>\n<div class=\"row\">\n\t<div class=\"col-md-6\">\n\t\t<p><span class=\"wpcf7-form-control-wrap\" data-name=\"email-765\"><input size=\"40\" maxlength=\"400\" class=\"wpcf7-form-control wpcf7-email wpcf7-validates-as-required wpcf7-text wpcf7-validates-as-email form-control\" aria-required=\"true\" aria-invalid=\"false\" placeholder=\"E-mail naslov *\" value=\"\" type=\"email\" name=\"email-765\" \/><\/span>\n\t\t<\/p>\n\t<\/div>\n\t<div class=\"col-md-6\">\n\t\t<p><span class=\"wpcf7-form-control-wrap\" data-name=\"tel-410\"><input size=\"40\" maxlength=\"400\" class=\"wpcf7-form-control wpcf7-tel wpcf7-text wpcf7-validates-as-tel form-control\" aria-invalid=\"false\" placeholder=\"Telefonska \u0161tevilka\" value=\"\" type=\"tel\" name=\"tel-410\" \/><\/span>\n\t\t<\/p>\n\t<\/div>\n<\/div>\n<p><span class=\"wpcf7-form-control-wrap\" data-name=\"textarea-634\"><textarea cols=\"40\" rows=\"10\" maxlength=\"2000\" class=\"wpcf7-form-control wpcf7-textarea form-control\" aria-invalid=\"false\" placeholder=\"Va\u0161e sporo\u010dilo\" name=\"textarea-634\"><\/textarea><\/span>\n<\/p>\n<div class=\"row\">\n\t<div class=\"col-xs-12\">\n\t\t<p><span class=\"wpcf7-form-control-wrap\" data-name=\"varstvo-pogoji\"><span class=\"wpcf7-form-control wpcf7-acceptance\"><span class=\"wpcf7-list-item\"><label><input type=\"checkbox\" name=\"varstvo-pogoji\" value=\"1\" aria-invalid=\"false\" \/><span class=\"wpcf7-list-item-label\">Strinjam se s splo\u0161nimi pogoji o <a href=\"https:\/\/villa-lara.si\/splosni-pogoji\/\" target=\"_blank\">varstvu osebnih podatkov<\/a>.<\/span><\/label><\/span><\/span><\/span>\n\t\t<\/p>\n\t<\/div>\n<\/div>\n<p><input class=\"wpcf7-form-control wpcf7-submit has-spinner btn-default btn btn-lg\" type=\"submit\" value=\"Po\u0161lji\" \/>\n<\/p><p style=\"display: none !important;\" class=\"akismet-fields-container\" data-prefix=\"_wpcf7_ak_\"><label>&#916;<textarea name=\"_wpcf7_ak_hp_textarea\" cols=\"45\" rows=\"8\" maxlength=\"100\"><\/textarea><\/label><input type=\"hidden\" id=\"ak_js_1\" name=\"_wpcf7_ak_js\" value=\"163\"\/><script>document.getElementById( \"ak_js_1\" ).setAttribute( \"value\", ( new Date() ).getTime() );<\/script><\/p><div class=\"wpcf7-response-output\" aria-hidden=\"true\"><\/div>\n<\/form>\n<\/div>\n[\/vc_column][\/vc_row]<\/p>\n","protected":false},"excerpt":{"rendered":"<p>[vc_row css=&#8220;.vc_custom_1518075609876{padding-top: 50px !important;padding-bottom: 50px !important;}&#8220;][vc_column width=&#8220;1\/3&#8243; css=&#8220;.vc_custom_1517975643416{margin-bottom: 30px !important;}&#8220;][pbr_title_heading title=&#8220;Kontaktni podatki&#8220; alignment=&#8220;text-left&#8220;][vc_column_text el_class=&#8220;contact-infor&#8220;] Po\u010ditni\u0161ka hi\u0161ka Villa Lara **** Topli\u0161ka cesta 76g, 8250 Brezice, Slovenia Telefon: +386 31 317 537 Email: info@villa-lara.si[\/vc_column_text][\/vc_column][vc_column width=&#8220;2\/3&#8243; el_class=&#8220;padding-left-100&#8243; css=&#8220;.vc_custom_1518076003186{margin-bottom: 30px !important;}&#8220;][pbr_title_heading title=&#8220;Po\u0161lji nam sporo\u010dilo&#8220; alignment=&#8220;text-left&#8220;][\/vc_column][\/vc_row]<\/p>\n","protected":false},"author":2,"featured_media":0,"parent":0,"menu_order":0,"comment_status":"closed","ping_status":"closed","template":"","meta":{"footnotes":""},"_links":{"self":[{"href":"https:\/\/villa-lara.si\/de\/wp-json\/wp\/v2\/pages\/8852"}],"collection":[{"href":"https:\/\/villa-lara.si\/de\/wp-json\/wp\/v2\/pages"}],"about":[{"href":"https:\/\/villa-lara.si\/de\/wp-json\/wp\/v2\/types\/page"}],"author":[{"embeddable":true,"href":"https:\/\/villa-lara.si\/de\/wp-json\/wp\/v2\/users\/2"}],"replies":[{"embeddable":true,"href":"https:\/\/villa-lara.si\/de\/wp-json\/wp\/v2\/comments?post=8852"}],"version-history":[{"count":1,"href":"https:\/\/villa-lara.si\/de\/wp-json\/wp\/v2\/pages\/8852\/revisions"}],"predecessor-version":[{"id":8933,"href":"https:\/\/villa-lara.si\/de\/wp-json\/wp\/v2\/pages\/8852\/revisions\/8933"}],"wp:attachment":[{"href":"https:\/\/villa-lara.si\/de\/wp-json\/wp\/v2\/media?parent=8852"}],"curies":[{"name":"wp","href":"https:\/\/api.w.org\/{rel}","templated":true}]}}