{"id":8848,"date":"2014-06-26T02:39:31","date_gmt":"2014-06-26T02:39:31","guid":{"rendered":"https:\/\/villa-lara.si\/o-villi-lari\/"},"modified":"2024-04-15T15:01:29","modified_gmt":"2024-04-15T13:01:29","slug":"ueber-villa-lara","status":"publish","type":"page","link":"https:\/\/villa-lara.si\/de\/ueber-villa-lara\/","title":{"rendered":"\u00dcber Villa Lara"},"content":{"rendered":"<p>[vc_row][vc_column width=&#8220;1\/6&#8243;][\/vc_column][vc_column width=&#8220;2\/3&#8243;][vc_column_text]<\/p>\n<p style=\"font-size: 18px; text-align: center; color: #221e1f;\">Po\u010ditni\u0161ka hi\u0161ka Villa Lara****, se pona\u0161a z povsem novo podobo in edinstveno opremo, saj tako opremljene hi\u0161ke v Termah \u010cate\u017e, enostavno ni! Leta 2020 smo hi\u0161ko v celoti prenovili, ji dali novi izgled ter jo kompletno opremili. Velika je 80m<sup>2<\/sup> v dveh eta\u017eah in 3\/4 pokrito teraso v velikosti 32m<sup>2<\/sup>. Parkiranje je omogo\u010deno 2-3 avtomobilom pred samo hi\u0161ko.<\/p>\n<p>[\/vc_column_text][vc_column_text]<\/p>\n<p style=\"text-align: center;\"><a class=\"btn btn-theme\" style=\"margin-bottom: 10px;\" href=\"https:\/\/villa-lara.si\/de\/rezervacije\/\"><i class=\"fa fa-calendar\"><\/i>Jetzt Buchen<\/a><\/p>\n<p>[\/vc_column_text][vc_empty_space height=&#8220;60px&#8220;][\/vc_column][vc_column width=&#8220;1\/6&#8243;][\/vc_column][\/vc_row][vc_row full_width=&#8220;stretch_row_content_no_spaces&#8220; el_class=&#8220;d-flex&#8220;][vc_column offset=&#8220;vc_col-lg-6&#8243; el_class=&#8220;side-image-full&#8220;][vc_single_image image=&#8220;8389&#8243; img_size=&#8220;full&#8220; alignment=&#8220;center&#8220;][\/vc_column][vc_column css=&#8220;.vc_custom_1601931135540{padding-top: 80px !important;padding-right: 315px !important;padding-bottom: 40px !important;padding-left: 115px !important;background-color: #221e1f !important;background-position: 0 0 !important;background-repeat: no-repeat !important;}&#8220; el_class=&#8220;vc-column-padding-2&#8243; offset=&#8220;vc_col-lg-6&#8243; el_id=&#8220;side-text-18&#8243;][vc_column_text]<\/p>\n<p style=\"color: #a3abb6;\">V pritli\u010dju se nahaja spalnica za 2 osebi, dnevni prostor z raztegljivim le\u017ei\u0161\u010dem za 2 osebi, tako da lahko v vsakem trenutku udobno namestimo 8-10 oseb. V pritli\u010dju se nahaja tudi zasebna sauna in dodatna tu\u0161 kabina, kar je edinstven primer v tukaj\u0161njih hi\u0161kah. V nadstropju se nahajata dve klimatizirani spalni sobi, ki obe sprejmeta 4-6 oseb.<\/p>\n<p style=\"color: #a3abb6;\">Kopalnica je opremljena s pralnim strojem, su\u0161ilnikom za lase, umivalnikom, wc-jem in velikim prostorom za tu\u0161iranje.<\/p>\n<p style=\"color: #a3abb6;\">Kuhinja z jedilnico je opremljena po vseh modernih standardih, tako da tudi izku\u0161enej\u0161e kuharice ne bodo ni\u010desar pogre\u0161ale (kuhinjska napa, toaster, opeka\u010d kruha, mesoreznica, me\u0161alnik &#8211; mixer, smooty maker, grelnik vode, ameri\u0161ki hladilnik z ledomatom in hlajeno vodo, pe\u010dica, indukcijska plo\u0161\u010da in pomivalni stroj,&#8230;). Kro\u017enikov, kozarcev in jedilnega pribora je za 12 oseb.<\/p>\n<p style=\"color: #a3abb6;\">Hi\u0161ka Villa Lara**** ima kar 3 televizorje z satelitsko anteno (Total TV) in dodaten priklop na pokriti terasi, kamor si lahko televizor prestavite iz notranjosti hi\u0161e in u\u017eivate ob gledanju priljubljenih programov tudi na terasi.<\/p>\n<p>[\/vc_column_text][\/vc_column][\/vc_row][vc_row css=&#8220;.vc_custom_1601932850324{padding-top: 80px !important;}&#8220;][vc_column width=&#8220;1\/6&#8243;][\/vc_column][vc_column width=&#8220;2\/3&#8243;][vc_column_text]<\/p>\n<p style=\"font-size: 18px; color: #221e1f; text-align: center;\">V po\u010ditniski hi\u0161ki Villa Lara**** Terme \u010cate\u017e, skrbimo tudi za varnost in zdravje na\u0161ih gostov v \u010dasu Covid -19! Po vsakem odhodu gostov, se hi\u0161ka temeljito o\u010disti, naredi se dezinfekcija vseh prostorov in poskrbimo je za zamenjavo posteljnine in brisa\u010d.<\/p>\n<p style=\"font-size: 18px; color: #221e1f; text-align: center;\">V ceno najema je v\u0161tetih tudi 6 kopalnih kart za letno in zimsko termalno riviero.. Verjamemo, da bomo lahko ugodili skoraj vsaki \u017eelji na\u0161ih gostov, v kolikor pa boste kaj pogre\u0161ali, nam to sporo\u010dite in v najkraj\u0161em mo\u017enem \u010dasu se bomo potrudili va\u0161im \u017eeljam ugoditi.<\/p>\n<p>[\/vc_column_text][\/vc_column][vc_column width=&#8220;1\/6&#8243;][\/vc_column][\/vc_row][vc_row css=&#8220;.vc_custom_1601936396969{padding-top: 100px !important;padding-bottom: 120px !important;background-position: 0 0 !important;background-repeat: no-repeat !important;}&#8220;][vc_column width=&#8220;1\/2&#8243; el_class=&#8220;vc_col-right&#8220;][vc_column_text]<\/p>\n<p style=\"font-size: 18px; color: #221e1f;\">Vsa okna in balkonska vrata se zastirajo z aluminijastimi ruletami na elekto-motorni pogon. Na oknih so za prijetno zra\u010denje brez nadle\u017enih \u017eu\u017eelk name\u0161\u010deni komarniki. Hi\u0161ka Villa Lara**** poskrbi tudi za zabavo in dru\u017eenje, zato smo na teraso namestili velik vrtni kamin &#8211; \u017ear, mizo za namizni tenis, pikado, komplet za badminton z mre\u017eo, sede\u017eno garnituro, sen\u010dnik, le\u017ealnike in whirlpool masa\u017eni bazen.<\/p>\n<p style=\"font-size: 18px; color: #221e1f;\">Ogrevanje hi\u0161ke je urejeno preko toplotne \u010drpalke in talnega gretja. Za prijetno hlajenje vseh prostorov poskrbijo 3 klimatske naprave. Gostom je prav tako na voljo neomejen WiFi.<\/p>\n<p>[\/vc_column_text][\/vc_column][vc_column width=&#8220;1\/2&#8243; css=&#8220;.vc_custom_1601933144226{padding-top: 30px !important;}&#8220;][vc_single_image image=&#8220;8489&#8243; img_size=&#8220;full&#8220; alignment=&#8220;center&#8220; onclick=&#8220;link_image&#8220; css=&#8220;.vc_custom_1601932747617{margin-bottom: -80px !important;}&#8220;][\/vc_column][\/vc_row][vc_row full_width=&#8220;stretch_row_content_no_spaces&#8220;][vc_column][pbr_gallery_grid columns=&#8220;5&#8243; nopadding=&#8220;1&#8243; galleries=&#8220;8505,8437,8473,8461,8545&#8243;][\/vc_column][\/vc_row]<\/p>\n","protected":false},"excerpt":{"rendered":"<p>[vc_row][vc_column width=&#8220;1\/6&#8243;][\/vc_column][vc_column width=&#8220;2\/3&#8243;][vc_column_text] Po\u010ditni\u0161ka hi\u0161ka Villa Lara****, se pona\u0161a z povsem novo podobo in edinstveno opremo, saj tako opremljene hi\u0161ke v Termah \u010cate\u017e, enostavno ni! Leta 2020 smo hi\u0161ko v celoti prenovili, ji dali novi izgled ter jo kompletno opremili. Velika je 80m2 v dveh eta\u017eah in 3\/4 pokrito teraso v velikosti 32m2. Parkiranje je &hellip; <a href=\"https:\/\/villa-lara.si\/de\/ueber-villa-lara\/\" class=\"more-link\">Continue reading <span class=\"screen-reader-text\">\u00dcber Villa Lara<\/span><span class=\"meta-nav\">&rarr;<\/span><\/a><\/p>\n","protected":false},"author":2,"featured_media":0,"parent":0,"menu_order":0,"comment_status":"closed","ping_status":"closed","template":"","meta":{"footnotes":""},"_links":{"self":[{"href":"https:\/\/villa-lara.si\/de\/wp-json\/wp\/v2\/pages\/8848"}],"collection":[{"href":"https:\/\/villa-lara.si\/de\/wp-json\/wp\/v2\/pages"}],"about":[{"href":"https:\/\/villa-lara.si\/de\/wp-json\/wp\/v2\/types\/page"}],"author":[{"embeddable":true,"href":"https:\/\/villa-lara.si\/de\/wp-json\/wp\/v2\/users\/2"}],"replies":[{"embeddable":true,"href":"https:\/\/villa-lara.si\/de\/wp-json\/wp\/v2\/comments?post=8848"}],"version-history":[{"count":3,"href":"https:\/\/villa-lara.si\/de\/wp-json\/wp\/v2\/pages\/8848\/revisions"}],"predecessor-version":[{"id":9124,"href":"https:\/\/villa-lara.si\/de\/wp-json\/wp\/v2\/pages\/8848\/revisions\/9124"}],"wp:attachment":[{"href":"https:\/\/villa-lara.si\/de\/wp-json\/wp\/v2\/media?parent=8848"}],"curies":[{"name":"wp","href":"https:\/\/api.w.org\/{rel}","templated":true}]}}