{"id":8841,"date":"2015-01-12T04:37:44","date_gmt":"2015-01-12T04:37:44","guid":{"rendered":"https:\/\/villa-lara.si\/home\/"},"modified":"2024-04-15T15:01:05","modified_gmt":"2024-04-15T13:01:05","slug":"home","status":"publish","type":"page","link":"https:\/\/villa-lara.si\/de\/","title":{"rendered":"Villa Lara****"},"content":{"rendered":"<p>[vc_row full_width=&#8220;stretch_row_content_no_spaces&#8220; isfullwidth=&#8220;0&#8243;][vc_column][rev_slider_vc alias=&#8220;slider-homepage-11&#8243;][\/vc_column][\/vc_row][vc_row css=&#8220;.vc_custom_1602017329228{background-image: url(\/\/localhost:8888\/wordpress\/wp_strollik_v2\/wp-content\/uploads\/2015\/01\/background1.jpg?id=7164) !important;background-position: 0 0 !important;background-repeat: no-repeat !important;}&#8220; el_class=&#8220;mobile-booking-form&#8220;][vc_column][vc_raw_html]JTNDZm9ybSUyMGlkJTNEJTIyYm9va2luZy1mb3JtLW1vYmlsZSUyMiUyMGFjdGlvbiUzRCUyMmh0dHBzJTNBJTJGJTJGdmlsbGEtbGFyYS5zaSUyRnJlemVydmFjaWplJTJGJTIyJTIwbWV0aG9kJTNEJTIyUE9TVCUyMiUzRSUzQ2RpdiUzRSUzQ2RpdiUyMGNsYXNzJTNEJTIyYm9va2luZy1mb3JtLXRpdGxlJTIyJTNFUmV6ZXJ2aXJhaiUzQyUyRmRpdiUzRSUzQ2lucHV0JTIwdHlwZSUzRCUyMnRleHQlMjIlMjBuYW1lJTNEJTIycHJpaG9kJTIyJTIwdmFsdWUlM0QlMjIlMjIlMjBwbGFjZWhvbGRlciUzRCUyMmRhdHVtJTIwcHJpaG9kYSUyMiUzRSUzQyUyRmRpdiUzRSUzQ2RpdiUzRSUzQ2lucHV0JTIwdHlwZSUzRCUyMnRleHQlMjIlMjBuYW1lJTNEJTIyb2Rob2QlMjIlMjB2YWx1ZSUzRCUyMiUyMiUyMHBsYWNlaG9sZGVyJTNEJTIyZGF0dW0lMjBvZGhvZGElMjIlM0UlM0MlMkZkaXYlM0UlM0NidXR0b24lMjBjbGFzcyUzRCUyMnN1Ym1pdC1pY29uJTIyJTNFSSVDNSVBMSVDNCU4RGklM0MlMkZidXR0b24lM0UlMEElM0MlMkZmb3JtJTNF[\/vc_raw_html][\/vc_column][\/vc_row][vc_row css=&#8220;.vc_custom_1602017377581{padding-top: 80px !important;background-position: 0 0 !important;background-repeat: no-repeat !important;}&#8220; el_class=&#8220;intro-text&#8220;][vc_column][pbr_title_heading title=&#8220;Villa Lara****&#8220; subtitle2=&#8220;O VILI LARA&#8220; style=&#8220;heading-style1&#8243; alignment=&#8220;text-left&#8220; subtitle=&#8220;about villa vogelsang&#8220;][\/vc_column][\/vc_row][vc_row css=&#8220;.vc_custom_1602181153054{padding-bottom: 50px !important;background-position: 0 0 !important;background-repeat: no-repeat !important;}&#8220; el_id=&#8220;o-vili-lara&#8220;][vc_column css=&#8220;.vc_custom_1517372472105{margin-bottom: 30px !important;}&#8220; offset=&#8220;vc_col-lg-8 vc_col-md-12&#8243; el_class=&#8220;padding-right-100&#8243;][pbr_title_heading subtitle1=&#8220;V celoti prenovljena&#8220; title=&#8220;2020&#8243; style=&#8220;heading-style2&#8243; alignment=&#8220;text-left&#8220; subtitle=&#8220;about villa vogelsang&#8220;][vc_column_text]<\/p>\n<p style=\"font-size: 18px; margin-bottom: 25px;\">Po\u010ditni\u0161ka hi\u0161ka Villa Lara****, se pona\u0161a z povsem novo podobo in edinstveno opremo, saj tako opremljene hi\u0161ke v Termah \u010cate\u017e, enostavno ni!<\/p>\n<p style=\"font-size: 18px; margin-bottom: 25px;\">Leta 2020 smo hi\u0161ko v celoti prenovili, ji dali novi izgled ter jo kompletno opremili.<\/p>\n<p style=\"font-size: 18px; margin-bottom: 25px;\">Velika je 80m<sup>2<\/sup> v dveh eta\u017eah in 3\/4 pokrito teraso v velikosti 32m<sup>2<\/sup>. Parkiranje je omogo\u010deno 2-3 avtomobilom pred samo hi\u0161ko.<\/p>\n<p><a class=\"btn btn-theme\" style=\"margin-bottom: 10px;\" href=\"https:\/\/villa-lara.si\/de\/rezervacije\/\"><i class=\"fa fa-calendar\"><\/i>Jetzt Buchen<\/a>\u00a0 \u00a0 \u00a0<a class=\"btn btn-default\" style=\"margin-bottom: 10px;\" href=\"#zemljevid\"><i class=\"fa fa-map-marker\"><\/i>Zemljevid<\/a>[\/vc_column_text][\/vc_column][vc_column offset=&#8220;vc_col-lg-4 vc_col-md-12&#8243; css=&#8220;.vc_custom_1517371949710{margin-bottom: 30px !important;}&#8220;][vc_row_inner][vc_column_inner width=&#8220;1\/2&#8243; offset=&#8220;vc_col-xs-6&#8243;][pbr_counter title=&#8220;Quadratmeter&#8220; text_number=&#8220;80 + 32&#8243; icon=&#8220;fa-object-group&#8220; layout=&#8220;v1&#8243;][pbr_counter title=&#8220;Badezimmer&#8220; number=&#8220;2&#8243; icon=&#8220;fa-bath&#8220; layout=&#8220;v1&#8243;][\/vc_column_inner][vc_column_inner width=&#8220;1\/2&#8243; offset=&#8220;vc_col-xs-6&#8243;][pbr_counter title=&#8220;Schlafr\u00e4ume&#8220; number=&#8220;3&#8243; icon=&#8220;fa-bed&#8220; layout=&#8220;v1&#8243;][pbr_counter title=&#8220;Parkpl\u00e4tze&#8220; number=&#8220;3&#8243; icon=&#8220;fa-car&#8220; layout=&#8220;v1&#8243;][\/vc_column_inner][\/vc_row_inner][\/vc_column][\/vc_row][vc_row full_width=&#8220;stretch_row_content_no_spaces&#8220; equal_height=&#8220;yes&#8220; css=&#8220;.vc_custom_1601552066019{background-position: 0 0 !important;background-repeat: no-repeat !important;}&#8220; el_class=&#8220;d-flex&#8220; el_id=&#8220;udobje&#8220;][vc_column el_class=&#8220;vc-column-padding&#8220; css=&#8220;.vc_custom_1601469163695{margin-bottom: 30px !important;padding-top: 80px !important;padding-right: 115px !important;padding-bottom: 40px !important;padding-left: 335px !important;background-color: #ff9a00 !important;}&#8220; offset=&#8220;vc_col-lg-6&#8243;][pbr_title_heading title=&#8220;Udobje&#8220; subtitle2=&#8220;Luksuzna oprema&#8220; style=&#8220;heading-style1&#8243; alignment=&#8220;text-left&#8220; el_class=&#8220;text-white&#8220;][vc_column_text]<\/p>\n<p style=\"color: #fff;\">Po\u010ditni\u0161ka hi\u0161ka Villa Lara**** je opremljena po najnovej\u0161ih in najmodernej\u0161ih standardih, saj se pona\u0161a s povsem novo podobo in edinstveno\/luksuzno opremo.<\/p>\n<p style=\"color: #fff;\">V hi\u0161ki je tako popolnoma opremljena moderna kuhinja z vsemi gospodinjskimi aparati, ameri\u0161kim hladilnikom ter opremo za 12 gostov. Velika kopalnica je opremljena z novim pralnim strojem, su\u0161ilnikom za lase ter velikim prostorom za tu\u0161iranje. Hi\u0161ka Villa Lara**** ima kar 3 televizorje s satelitsko anteno (Total TV) in dodaten priklop na pokriti terasi, kamor si lahko televizor prestavite iz notranjosti hi\u0161e in u\u017eivate ob gledanju priljubljenih programov tudi na terasi.<\/p>\n<p style=\"color: #fff;\">V prtli\u010dju se nahaja tudi zasebna sauna in dodatna tu\u0161 kabina, kar je edinstven primer v tukaj\u0161njih hi\u0161kah.<\/p>\n<p style=\"text-align: center;\"><a class=\"btn btn-default\" style=\"margin-bottom: 10px;\" href=\"https:\/\/villa-lara.si\/o-villi-lari\/\">Preberi ve\u010d<\/a><\/p>\n<p>[\/vc_column_text][vc_row_inner el_class=&#8220;space-top-30&#8243;][vc_column_inner width=&#8220;1\/2&#8243;][vc_column_text el_class=&#8220;text-white&#8220;]<\/p>\n<ul style=\"font-size: 18px;\">\n<li>za 8 &#8211; 10 oseb<\/li>\n<li>3 klimatske naprave<\/li>\n<li>WI-FI<\/li>\n<\/ul>\n<p>[\/vc_column_text][\/vc_column_inner][vc_column_inner width=&#8220;1\/2&#8243;][vc_column_text el_class=&#8220;text-white&#8220;]<\/p>\n<ul style=\"font-size: 18px;\">\n<li>3x satelitska televizija<\/li>\n<li>IR sauna<\/li>\n<li>Whirlpool masa\u017eni bazen<\/li>\n<\/ul>\n<p>[\/vc_column_text][\/vc_column_inner][\/vc_row_inner][\/vc_column][vc_column offset=&#8220;vc_col-lg-6&#8243; el_class=&#8220;udobje-slika&#8220;][vc_single_image image=&#8220;8090&#8243; img_size=&#8220;full&#8220; alignment=&#8220;center&#8220;][\/vc_column][\/vc_row][vc_row css=&#8220;.vc_custom_1601552008463{padding-top: 70px !important;padding-bottom: 110px !important;}&#8220; el_id=&#8220;prostorska&#8220;][vc_column][pbr_title_heading title=&#8220;R\u00e4umliche anordnung&#8220; subtitle2=&#8220;ANGENEHMER AUFENTHALT&#8220; style=&#8220;heading-style1&#8243; alignment=&#8220;text-left&#8220; subtitle=&#8220;about villa vogelsang&#8220;][vc_tta_tour active_section=&#8220;1&#8243; el_class=&#8220;vc_tta-tour&#8220;][vc_tta_section i_icon_fontawesome=&#8220;fas fa-home&#8220; add_icon=&#8220;true&#8220; title=&#8220;Wohnzimmer&#8220; tab_id=&#8220;1515222311516-88190ee3-4e79&#8243;][vc_row_inner equal_height=&#8220;yes&#8220;][vc_column_inner css=&#8220;.vc_custom_1601926618909{margin-bottom: 10px !important;padding-top: 35px !important;padding-right: 25px !important;padding-left: 35px !important;background-color: #221e1f !important;}&#8220; offset=&#8220;vc_col-lg-4 vc_col-md-4&#8243;][vc_column_text]<\/p>\n<h2>Wohnzimmer<\/h2>\n<p>Der Raum, in dem wir \u00fcblicherweise den Tag beenden. Im Wohnzimmer befindet sich eine gro\u00dfe, neue, moderne Couchgarnitur, Klubtisch, 2 Tabures und LCD TV. Das Wohnzimmer ist modern ausgestattet, mit Fu\u00dfbodenheizung und Klimaanlage.[\/vc_column_text][pbr_featuredbox title=&#8220;Vollkommen ausger\u00fcstet&#8220; style=&#8220;v1&#8243; icon=&#8220;fa fa-circle&#8220; information=&#8220;&#8220;][pbr_featuredbox title=&#8220;klimatisiert&#8220; style=&#8220;v1&#8243; icon=&#8220;fa fa-circle&#8220; information=&#8220;&#8220;][pbr_featuredbox title=&#8220;Fussbodenheizung&#8220; style=&#8220;v1&#8243; icon=&#8220;fa fa-circle&#8220; information=&#8220;&#8220;][pbr_featuredbox title=&#8220;wi-fi&#8220; style=&#8220;v1&#8243; icon=&#8220;fa fa-circle&#8220; information=&#8220;&#8220;][pbr_featuredbox title=&#8220;TV&#8220; style=&#8220;v1&#8243; icon=&#8220;fa fa-circle&#8220; information=&#8220;&#8220;][\/vc_column_inner][vc_column_inner el_class=&#8220;prostorska-slika&#8220; offset=&#8220;vc_col-lg-8 vc_col-md-8&#8243;][vc_single_image image=&#8220;8102&#8243; img_size=&#8220;full&#8220; alignment=&#8220;center&#8220;][\/vc_column_inner][\/vc_row_inner][\/vc_tta_section][vc_tta_section i_icon_fontawesome=&#8220;fas fa-bed&#8220; add_icon=&#8220;true&#8220; title=&#8220;Schlafr\u00e4ume&#8220; tab_id=&#8220;1601466075157-779ae170-4af6&#8243;][vc_row_inner equal_height=&#8220;yes&#8220;][vc_column_inner css=&#8220;.vc_custom_1601926624399{margin-bottom: 10px !important;padding-top: 35px !important;padding-right: 25px !important;padding-left: 35px !important;background-color: #221e1f !important;}&#8220; offset=&#8220;vc_col-lg-4 vc_col-md-4&#8243;][vc_column_text]<\/p>\n<h2>Schlafr\u00e4ume<\/h2>\n<p>Das Ferienhaus Villa Lara**** hat drei Schlafzimmer. Im Erdgeschoss befindet sich ein Schlafzimmer f\u00fcr 2 Personen sowie ein Wohnzimmer mit ausziehbarer Couchgarnitur f\u00fcr 2 Personen. Im ersten Stock befinden sich zwei Schlafzimmer, in denen 4 bis 6 Personen schlafen k\u00f6nnen. Beide Zimmer sind klimatisiert und mit einem TV ausger\u00fcstet.<br \/>\nIn unseren H\u00e4uschen k\u00f6nnen problemlos 8 bis 10 Personen untergebracht werden.[\/vc_column_text][pbr_featuredbox title=&#8220;Vollkommen ausger\u00fcstet mit Bettw\u00e4sche&#8220; style=&#8220;v1&#8243; icon=&#8220;fa fa-circle&#8220; information=&#8220;&#8220;][pbr_featuredbox title=&#8220;klimatisiert&#8220; style=&#8220;v1&#8243; icon=&#8220;fa fa-circle&#8220; information=&#8220;&#8220;][pbr_featuredbox title=&#8220;wi-fi&#8220; style=&#8220;v1&#8243; icon=&#8220;fa fa-circle&#8220; information=&#8220;&#8220;][pbr_featuredbox title=&#8220;TV&#8220; style=&#8220;v1&#8243; icon=&#8220;fa fa-circle&#8220; information=&#8220;&#8220;][\/vc_column_inner][vc_column_inner el_class=&#8220;prostorska-slika&#8220; offset=&#8220;vc_col-lg-8 vc_col-md-8&#8243;][vc_single_image image=&#8220;8105&#8243; img_size=&#8220;full&#8220; alignment=&#8220;center&#8220;][\/vc_column_inner][\/vc_row_inner][\/vc_tta_section][vc_tta_section i_icon_fontawesome=&#8220;fas fa-bath&#8220; add_icon=&#8220;true&#8220; title=&#8220;Badezimmer&#8220; tab_id=&#8220;1515228953982-997e0a5c-8a68&#8243;][vc_row_inner equal_height=&#8220;yes&#8220;][vc_column_inner css=&#8220;.vc_custom_1601926630519{margin-bottom: 30px !important;padding-top: 35px !important;padding-right: 25px !important;padding-left: 35px !important;background-color: #221e1f !important;}&#8220; offset=&#8220;vc_col-lg-4 vc_col-md-4&#8243;][vc_column_text]<\/p>\n<h2>Kopalnica<\/h2>\n<p>Das gro\u00dfe Badezimmer prallt mit einem gro\u00dfen Raum zum Duschen, neuer Waschmaschine, modernen Waschbecken und WC sowie Haartrockner. Frische Handt\u00fccher stehen auch zur Verf\u00fcgung. Das Badezimmer ist modern angelegt, mit \u00e4sthetischer Keramik und moderner Ausr\u00fcstung.[\/vc_column_text][pbr_featuredbox title=&#8220;Vollkommen ausger\u00fcstet&#8220; style=&#8220;v1&#8243; icon=&#8220;fa fa-circle&#8220; information=&#8220;&#8220;][pbr_featuredbox title=&#8220;Frische Handt\u00fccher&#8220; style=&#8220;v1&#8243; icon=&#8220;fa fa-circle&#8220; information=&#8220;&#8220;][pbr_featuredbox title=&#8220;Waschmaschine&#8220; style=&#8220;v1&#8243; icon=&#8220;fa fa-circle&#8220; information=&#8220;&#8220;][pbr_featuredbox title=&#8220;Haartrockner&#8220; style=&#8220;v1&#8243; icon=&#8220;fa fa-circle&#8220; information=&#8220;&#8220;][\/vc_column_inner][vc_column_inner el_class=&#8220;prostorska-slika&#8220; offset=&#8220;vc_col-lg-8 vc_col-md-8&#8243;][vc_single_image image=&#8220;8103&#8243; img_size=&#8220;full&#8220;][\/vc_column_inner][\/vc_row_inner][\/vc_tta_section][vc_tta_section i_icon_fontawesome=&#8220;fas fa-utensils&#8220; add_icon=&#8220;true&#8220; title=&#8220;K\u00fcche mit Esszimmer&#8220; tab_id=&#8220;1515228952671-86a5d6b8-30cb&#8220;][vc_row_inner][vc_column_inner css=&#8220;.vc_custom_1601926635379{margin-bottom: 10px !important;padding-top: 35px !important;padding-right: 25px !important;padding-left: 35px !important;background-color: #221e1f !important;}&#8220; offset=&#8220;vc_col-lg-4 vc_col-md-4&#8243;][vc_column_text]<\/p>\n<h2>K\u00fcche mit Esszimmer<\/h2>\n<p>Die K\u00fcche mit Esszimmer ist gem\u00e4\u00df allen modernen Normen ausger\u00fcstet, so dass auch sehr erfahrene K\u00f6chinnen nichts vermissen werden. Die K\u00fcche r\u00fchmt sich mit einer vollkommen neuen und modernen Ausr\u00fcstung wie Entl\u00fcftungshaube, Toaster, Fleischschneidemachine, Mixer, Smooty maker, Wasserkocher, amerikanischer K\u00fchlschrank mit Icemaker und kaltem Wasser, Offen, Induktionsplatte sowie Essbesteck f\u00fcr 12 Personen. Das Esszimmer umfasst einen gro\u00dfen, neun und modernen Esstisch mit dazu geh\u00f6rigen Stuhlen.[\/vc_column_text][pbr_featuredbox title=&#8220;Vollkommen ausger\u00fcstet&#8220; style=&#8220;v1&#8243; icon=&#8220;fa fa-circle&#8220; information=&#8220;&#8220;][pbr_featuredbox title=&#8220;Komplettkochausr\u00fcstung&#8220; style=&#8220;v1&#8243; icon=&#8220;fa fa-circle&#8220; information=&#8220;&#8220;][pbr_featuredbox title=&#8220;amerikanischer K\u00fchlschrank mit Icemaker&#8220; style=&#8220;v1&#8243; icon=&#8220;fa fa-circle&#8220; information=&#8220;&#8220;][pbr_featuredbox title=&#8220;Induktionsplatte&#8220; style=&#8220;v1&#8243; icon=&#8220;fa fa-circle&#8220; information=&#8220;&#8220;][pbr_featuredbox title=&#8220;Offen&#8220; style=&#8220;v1&#8243; icon=&#8220;fa fa-circle&#8220; information=&#8220;&#8220;][pbr_featuredbox title=&#8220;Geschirrsp\u00fcler&#8220; style=&#8220;v1&#8243; icon=&#8220;fa fa-circle&#8220; information=&#8220;&#8220;][\/vc_column_inner][vc_column_inner el_class=&#8220;prostorska-slika&#8220; offset=&#8220;vc_col-lg-8 vc_col-md-8&#8243;][vc_single_image image=&#8220;8104&#8243; img_size=&#8220;full&#8220;][\/vc_column_inner][\/vc_row_inner][\/vc_tta_section][vc_tta_section i_icon_fontawesome=&#8220;fas fa-cloud-sun&#8220; add_icon=&#8220;true&#8220; title=&#8220;Terrasse&#8220; tab_id=&#8220;1515228945239-357b9a58-ecc9&#8243;][vc_row_inner][vc_column_inner css=&#8220;.vc_custom_1601926640094{margin-bottom: 10px !important;padding-top: 35px !important;padding-right: 25px !important;padding-left: 35px !important;background-color: #221e1f !important;}&#8220; offset=&#8220;vc_col-lg-4 vc_col-md-4&#8243;][vc_column_text]<\/p>\n<h2>Terrasse<\/h2>\n<p>Im Ferienhaus Villa Lara**** gibt es auch eine 32m2 gro\u00dfe Ausenterasse, auf der eine Bombenparty und super Zusammensein garantiert ist. Auf der Terrasse befinden sich ein gro\u00dfer Tisch mit bequemen Stuhlen, ein gro\u00dfer Kamin \u2013 Grill, Tischtennisplatte, Darts, Polstergarnitur, Sonnenschirm und Liegestuhle. Zur Verf\u00fcgung stehen auch Badmintonnetz mit ganzer Ausr\u00fcstung und zwei Fahrr\u00e4der. Unser Ferienhaus kann auch mit einer einmaligen Errungenschaft prallen, weil sich auf der Terrasse ein v\u00f6llig neuer Whirlpool befindet.[\/vc_column_text][pbr_featuredbox title=&#8220;Vollkommen ausger\u00fcstet&#8220; style=&#8220;v1&#8243; icon=&#8220;fa fa-circle&#8220; information=&#8220;&#8220;][pbr_featuredbox title=&#8220;Gesellschaftsspiele (Tischtennis, Darts, Badminton)&#8220; style=&#8220;v1&#8243; icon=&#8220;fa fa-circle&#8220; information=&#8220;&#8220;][pbr_featuredbox title=&#8220;Kamin &#8211; Grill&#8220; style=&#8220;v1&#8243; icon=&#8220;fa fa-circle&#8220; information=&#8220;&#8220;][pbr_featuredbox title=&#8220;Polstergarnitur&#8220; style=&#8220;v1&#8243; icon=&#8220;fa fa-circle&#8220; information=&#8220;&#8220;][pbr_featuredbox title=&#8220;Liegestuhle + Sonnenschirm&#8220; style=&#8220;v1&#8243; icon=&#8220;fa fa-circle&#8220; information=&#8220;&#8220;][pbr_featuredbox title=&#8220;Whirlpool&#8220; style=&#8220;v1&#8243; icon=&#8220;fa fa-circle&#8220; information=&#8220;&#8220;][pbr_featuredbox title=&#8220;2 Fahrr\u00e4der&#8220; style=&#8220;v1&#8243; icon=&#8220;fa fa-circle&#8220; information=&#8220;&#8220;][\/vc_column_inner][vc_column_inner el_class=&#8220;prostorska-slika&#8220; offset=&#8220;vc_col-lg-8 vc_col-md-8&#8243;][vc_single_image image=&#8220;8106&#8243; img_size=&#8220;full&#8220;][\/vc_column_inner][\/vc_row_inner][\/vc_tta_section][\/vc_tta_tour][\/vc_column][\/vc_row][vc_row full_width=&#8220;stretch_row_content_no_spaces&#8220; isfullwidth=&#8220;0&#8243; el_id=&#8220;home-galerija&#8220;][vc_column][pbr_gallery_grid columns=&#8220;5&#8243; nopadding=&#8220;1&#8243; galleries=&#8220;8389,8413,8401,8437,8433,8473,8501,8521,8485,8549&#8243;][\/vc_column][\/vc_row][vc_row full_width=&#8220;stretch_row&#8220; css=&#8220;.vc_custom_1516421058680{padding-bottom: 50px !important;background-color: #221e1f !important;}&#8220;][vc_column css=&#8220;.vc_custom_1516421234342{padding-top: 100px !important;padding-bottom: 70px !important;}&#8220;][pbr_title_heading title=&#8220;Komentare der G\u00e4ste&#8220; subtitle2=&#8220;Sie haben uns bewertet&#8220; style=&#8220;heading-style1&#8243; alignment=&#8220;text-left&#8220; subtitle=&#8220;Happy customer&#8220; el_class=&#8220;white&#8220;][pbr_testimonials number=&#8220;4&#8243; columns=&#8220;2&#8243; layout=&#8220;v2&#8243; el_class=&#8220;testimonal-element&#8220;][\/vc_column][\/vc_row][vc_row css=&#8220;.vc_custom_1601589738507{padding-top: 100px !important;padding-bottom: 120px !important;}&#8220; el_id=&#8220;zemljevid&#8220;][vc_column][pbr_title_heading title=&#8220;Lage&#8220; subtitle2=&#8220;Terme \u010cate\u017e&#8220; style=&#8220;heading-style1&#8243; alignment=&#8220;text-left&#8220; subtitle=&#8220;Happy customer&#8220;][vc_gmaps link=&#8220;#E-8_JTNDaWZyYW1lJTIwc3JjJTNEJTIyaHR0cHMlM0ElMkYlMkZ3d3cuZ29vZ2xlLmNvbSUyRm1hcHMlMkZlbWJlZCUzRnBiJTNEJTIxMW0xOCUyMTFtMTIlMjExbTMlMjExZDI3NzcuMDc5ODA3NDMwNDc0JTIxMmQxNS42MzA5MjYzMTYxODI0MjglMjEzZDQ1Ljg4OTcxNjkxMjk2ODk3JTIxMm0zJTIxMWYwJTIxMmYwJTIxM2YwJTIxM20yJTIxMWkxMDI0JTIxMmk3NjglMjE0ZjEzLjElMjEzbTMlMjExbTIlMjExczB4NDc2NWI3ZWMzMjVjZDIyMyUyNTNBMHg2NjdiN2RiODBhYjFmZTdmJTIxMnNUb3BsaSUyNUM1JTI1QTFrYSUyNTIwY2VzdGElMjUyMDc2ZyUyNTJDJTI1MjA4MjUwJTI1MjBCcmUlMjVDNSUyNUJFaWNlJTIxNWUwJTIxM20yJTIxMXNlbiUyMTJzc2klMjE0djE2MDE1Njg3NDQ5OTYlMjE1bTIlMjExc2VuJTIxMnNzaSUyMiUyMHdpZHRoJTNEJTIyMTAwJTI1JTIyJTIwaGVpZ2h0JTNEJTIyNTAwJTIyJTIwZnJhbWVib3JkZXIlM0QlMjIwJTIyJTIwc3R5bGUlM0QlMjJib3JkZXIlM0EwJTNCJTIyJTIwYWxsb3dmdWxsc2NyZWVuJTNEJTIyJTIyJTIwYXJpYS1oaWRkZW4lM0QlMjJmYWxzZSUyMiUyMHRhYmluZGV4JTNEJTIyMCUyMiUzRSUzQyUyRmlmcmFtZSUzRQ==&#8220;][\/vc_column][\/vc_row][vc_row full_width=&#8220;stretch_row&#8220; el_class=&#8220;col-special&#8220; css=&#8220;.vc_custom_1601584603048{background-image: url(https:\/\/villa-lara.si\/wp-content\/uploads\/2020\/10\/DSC5147_thumb_thumb.jpg?id=8397) !important;}&#8220; el_id=&#8220;footer-block&#8220;][vc_column el_class=&#8220;footer-contact&#8220; offset=&#8220;vc_col-lg-4 vc_col-md-4&#8243;][pbr_team title=&#8220;Kontakte&#8220; job=&#8220;&#8220; phone=&#8220;+386 31 317 537&#8243; email=&#8220;info@villa-lara.si&#8220; style=&#8220;vertical&#8220;][vc_empty_space height=&#8220;20px&#8220;]\n<div class=\"wpcf7 no-js\" id=\"wpcf7-f7412-o1\" lang=\"en-US\" dir=\"ltr\">\n<div class=\"screen-reader-response\"><p role=\"status\" aria-live=\"polite\" aria-atomic=\"true\"><\/p> <ul><\/ul><\/div>\n<form action=\"\/de\/wp-json\/wp\/v2\/pages\/8841#wpcf7-f7412-o1\" method=\"post\" class=\"wpcf7-form init wpcf7-acceptance-as-validation\" aria-label=\"Contact form\" novalidate=\"novalidate\" data-status=\"init\">\n<div style=\"display: none;\">\n<input type=\"hidden\" name=\"_wpcf7\" value=\"7412\" \/>\n<input type=\"hidden\" name=\"_wpcf7_version\" value=\"5.9.8\" \/>\n<input type=\"hidden\" name=\"_wpcf7_locale\" value=\"en_US\" \/>\n<input type=\"hidden\" name=\"_wpcf7_unit_tag\" value=\"wpcf7-f7412-o1\" \/>\n<input type=\"hidden\" name=\"_wpcf7_container_post\" value=\"0\" \/>\n<input type=\"hidden\" name=\"_wpcf7_posted_data_hash\" value=\"\" \/>\n<\/div>\n<p><span class=\"wpcf7-form-control-wrap\" data-name=\"ime-178\"><input size=\"40\" maxlength=\"400\" class=\"wpcf7-form-control wpcf7-text wpcf7-validates-as-required form-control\" aria-required=\"true\" aria-invalid=\"false\" placeholder=\"Ime in priimek\" value=\"\" type=\"text\" name=\"ime-178\" \/><\/span>\n<\/p>\n<p><span class=\"wpcf7-form-control-wrap\" data-name=\"email-765\"><input size=\"40\" maxlength=\"400\" class=\"wpcf7-form-control wpcf7-email wpcf7-validates-as-required wpcf7-text wpcf7-validates-as-email form-control\" aria-required=\"true\" aria-invalid=\"false\" placeholder=\"E-mail\" value=\"\" type=\"email\" name=\"email-765\" \/><\/span>\n<\/p>\n<p><span class=\"wpcf7-form-control-wrap\" data-name=\"tel-410\"><input size=\"40\" maxlength=\"400\" class=\"wpcf7-form-control wpcf7-tel wpcf7-text wpcf7-validates-as-tel form-control\" aria-invalid=\"false\" placeholder=\"Telefonska \u0161tevilka\" value=\"\" type=\"tel\" name=\"tel-410\" \/><\/span>\n<\/p>\n<p><span class=\"wpcf7-form-control-wrap\" data-name=\"textarea-1\"><textarea cols=\"40\" rows=\"10\" maxlength=\"2000\" class=\"wpcf7-form-control wpcf7-textarea form-control\" aria-invalid=\"false\" placeholder=\"Sporo\u010dilo\" name=\"textarea-1\"><\/textarea><\/span>\n<\/p>\n<p><span class=\"wpcf7-form-control-wrap\" data-name=\"varstvo-pogoji\"><span class=\"wpcf7-form-control wpcf7-acceptance\"><span class=\"wpcf7-list-item\"><label><input type=\"checkbox\" name=\"varstvo-pogoji\" value=\"1\" aria-invalid=\"false\" \/><span class=\"wpcf7-list-item-label\">Strinjam se s splo\u0161nimi pogoji o <a href=\"https:\/\/villa-lara.si\/splosni-pogoji\/\" target=\"_blank\">varstvu osebnih podatkov<\/a>.<\/span><\/label><\/span><\/span><\/span>\n<\/p>\n<p><input class=\"wpcf7-form-control wpcf7-submit has-spinner btn-default btn\" type=\"submit\" value=\"Po\u0161lji\" \/>\n<\/p><p style=\"display: none !important;\" class=\"akismet-fields-container\" data-prefix=\"_wpcf7_ak_\"><label>&#916;<textarea name=\"_wpcf7_ak_hp_textarea\" cols=\"45\" rows=\"8\" maxlength=\"100\"><\/textarea><\/label><input type=\"hidden\" id=\"ak_js_1\" name=\"_wpcf7_ak_js\" value=\"4\"\/><script>document.getElementById( \"ak_js_1\" ).setAttribute( \"value\", ( new Date() ).getTime() );<\/script><\/p><div class=\"wpcf7-response-output\" aria-hidden=\"true\"><\/div>\n<\/form>\n<\/div>\n[\/vc_column][vc_column offset=&#8220;vc_col-lg-8 vc_col-md-8 vc_hidden-sm vc_hidden-xs&#8220;][\/vc_column][\/vc_row]<\/p>\n","protected":false},"excerpt":{"rendered":"<p>[vc_row full_width=&#8220;stretch_row_content_no_spaces&#8220; isfullwidth=&#8220;0&#8243;][vc_column][rev_slider_vc alias=&#8220;slider-homepage-11&#8243;][\/vc_column][\/vc_row][vc_row css=&#8220;.vc_custom_1602017329228{background-image: url(\/\/localhost:8888\/wordpress\/wp_strollik_v2\/wp-content\/uploads\/2015\/01\/background1.jpg?id=7164) !important;background-position: 0 0 !important;background-repeat: no-repeat !important;}&#8220; el_class=&#8220;mobile-booking-form&#8220;][vc_column][vc_raw_html]JTNDZm9ybSUyMGlkJTNEJTIyYm9va2luZy1mb3JtLW1vYmlsZSUyMiUyMGFjdGlvbiUzRCUyMmh0dHBzJTNBJTJGJTJGdmlsbGEtbGFyYS5zaSUyRnJlemVydmFjaWplJTJGJTIyJTIwbWV0aG9kJTNEJTIyUE9TVCUyMiUzRSUzQ2RpdiUzRSUzQ2RpdiUyMGNsYXNzJTNEJTIyYm9va2luZy1mb3JtLXRpdGxlJTIyJTNFUmV6ZXJ2aXJhaiUzQyUyRmRpdiUzRSUzQ2lucHV0JTIwdHlwZSUzRCUyMnRleHQlMjIlMjBuYW1lJTNEJTIycHJpaG9kJTIyJTIwdmFsdWUlM0QlMjIlMjIlMjBwbGFjZWhvbGRlciUzRCUyMmRhdHVtJTIwcHJpaG9kYSUyMiUzRSUzQyUyRmRpdiUzRSUzQ2RpdiUzRSUzQ2lucHV0JTIwdHlwZSUzRCUyMnRleHQlMjIlMjBuYW1lJTNEJTIyb2Rob2QlMjIlMjB2YWx1ZSUzRCUyMiUyMiUyMHBsYWNlaG9sZGVyJTNEJTIyZGF0dW0lMjBvZGhvZGElMjIlM0UlM0MlMkZkaXYlM0UlM0NidXR0b24lMjBjbGFzcyUzRCUyMnN1Ym1pdC1pY29uJTIyJTNFSSVDNSVBMSVDNCU4RGklM0MlMkZidXR0b24lM0UlMEElM0MlMkZmb3JtJTNF[\/vc_raw_html][\/vc_column][\/vc_row][vc_row css=&#8220;.vc_custom_1602017377581{padding-top: 80px !important;background-position: 0 0 !important;background-repeat: no-repeat !important;}&#8220; el_class=&#8220;intro-text&#8220;][vc_column][pbr_title_heading title=&#8220;Villa Lara****&#8220; subtitle2=&#8220;O VILI LARA&#8220; style=&#8220;heading-style1&#8243; alignment=&#8220;text-left&#8220; subtitle=&#8220;about villa vogelsang&#8220;][\/vc_column][\/vc_row][vc_row css=&#8220;.vc_custom_1602181153054{padding-bottom: 50px !important;background-position: 0 0 !important;background-repeat: no-repeat !important;}&#8220; el_id=&#8220;o-vili-lara&#8220;][vc_column css=&#8220;.vc_custom_1517372472105{margin-bottom: 30px !important;}&#8220; offset=&#8220;vc_col-lg-8 vc_col-md-12&#8243; el_class=&#8220;padding-right-100&#8243;][pbr_title_heading subtitle1=&#8220;V celoti prenovljena&#8220; title=&#8220;2020&#8243; style=&#8220;heading-style2&#8243; alignment=&#8220;text-left&#8220; subtitle=&#8220;about villa &hellip; <a href=\"https:\/\/villa-lara.si\/de\/\" class=\"more-link\">Continue reading <span class=\"screen-reader-text\">Villa Lara****<\/span><span class=\"meta-nav\">&rarr;<\/span><\/a><\/p>\n","protected":false},"author":2,"featured_media":0,"parent":0,"menu_order":0,"comment_status":"closed","ping_status":"closed","template":"","meta":{"footnotes":""},"_links":{"self":[{"href":"https:\/\/villa-lara.si\/de\/wp-json\/wp\/v2\/pages\/8841"}],"collection":[{"href":"https:\/\/villa-lara.si\/de\/wp-json\/wp\/v2\/pages"}],"about":[{"href":"https:\/\/villa-lara.si\/de\/wp-json\/wp\/v2\/types\/page"}],"author":[{"embeddable":true,"href":"https:\/\/villa-lara.si\/de\/wp-json\/wp\/v2\/users\/2"}],"replies":[{"embeddable":true,"href":"https:\/\/villa-lara.si\/de\/wp-json\/wp\/v2\/comments?post=8841"}],"version-history":[{"count":3,"href":"https:\/\/villa-lara.si\/de\/wp-json\/wp\/v2\/pages\/8841\/revisions"}],"predecessor-version":[{"id":9123,"href":"https:\/\/villa-lara.si\/de\/wp-json\/wp\/v2\/pages\/8841\/revisions\/9123"}],"wp:attachment":[{"href":"https:\/\/villa-lara.si\/de\/wp-json\/wp\/v2\/media?parent=8841"}],"curies":[{"name":"wp","href":"https:\/\/api.w.org\/{rel}","templated":true}]}}